{"id":10683,"date":"2024-10-15T10:10:58","date_gmt":"2024-10-15T08:10:58","guid":{"rendered":"http:\/\/old.wsap.com.pl\/?page_id=10683"},"modified":"2024-10-15T10:26:06","modified_gmt":"2024-10-15T08:26:06","slug":"praktyki-studia-ii-stopnia","status":"publish","type":"page","link":"http:\/\/old.wsap.com.pl\/?page_id=10683","title":{"rendered":"Praktyki &#8211; studia II stopnia"},"content":{"rendered":"\t\t<div data-elementor-type=\"wp-page\" data-elementor-id=\"10683\" class=\"elementor elementor-10683\">\n\t\t\t\t\t\t<div class=\"elementor-inner\">\n\t\t\t\t<div class=\"elementor-section-wrap\">\n\t\t\t\t\t\t\t\t\t<section class=\"elementor-section elementor-top-section elementor-element elementor-element-67f8231 elementor-section-boxed elementor-section-height-default elementor-section-height-default\" data-id=\"67f8231\" data-element_type=\"section\">\n\t\t\t\t\t\t<div class=\"elementor-container elementor-column-gap-default\">\n\t\t\t\t\t\t\t<div class=\"elementor-row\">\n\t\t\t\t\t<div class=\"elementor-column elementor-col-100 elementor-top-column elementor-element elementor-element-904dee7\" data-id=\"904dee7\" data-element_type=\"column\">\n\t\t\t<div class=\"elementor-column-wrap elementor-element-populated\">\n\t\t\t\t\t\t\t<div class=\"elementor-widget-wrap\">\n\t\t\t\t\t\t<div class=\"elementor-element elementor-element-29cd4c2 elementor-widget elementor-widget-text-editor\" data-id=\"29cd4c2\" data-element_type=\"widget\" data-widget_type=\"text-editor.default\">\n\t\t\t\t<div class=\"elementor-widget-container\">\n\t\t\t\t\t\t\t\t<div class=\"elementor-text-editor elementor-clearfix\">\n\t\t\t\t<p style=\"text-align: center;\"><strong>UWAGA STUDENCI !<\/strong><\/p><p style=\"text-align: center;\"><strong>I ROKU STUDI\u00d3W MAGISTERSKICH <\/strong><\/p><ul><li>Integralnym elementem procesu kszta\u0142cenia jest Praktyka Zawodowa.<\/li><li>Praktyka zawodowa pozwala na uzupe\u0142nienie i pog\u0142\u0119bienie wiedzy uzyskanej przez studenta w toku procesu kszta\u0142cenia, kszta\u0142towanie umiej\u0119tno\u015bci i jej zastosowanie w praktycznym dzia\u0142aniu, rozwoju kompetencji zawodowych, poznanie funkcjonowania \u015brodowiska zawodowego, rynku pracy i oczekiwa\u0144 przysz\u0142ych pracodawc\u00f3w.<\/li><li>Praktyka zawodowa umo\u017cliwia studentom sprawdzenie u\u017cyteczno\u015bci wiedzy i umiej\u0119tno\u015bci<\/li><\/ul><p>uzyskanych w toku procesu kszta\u0142cenia oraz pozwala na zdobywanie praktycznych\u00a0\u00a0\u00a0\u00a0\u00a0\u00a0 umiej\u0119tno\u015bci zawodowych przez poznanie jednostki, w kt\u00f3rej odbywa praktyk\u0119 jako miejsce potencjalnej pracy zawodowej.<\/p><ul><li>Praktyka zawodowa powinna odby\u0107 si\u0119 w trakcie studi\u00f3w (I-II roku studi\u00f3w) w wymiarze 3 miesi\u0119cy (480 godzin), po 160 godzin w semestrze (od I do III semestru).<\/li><li>Mo\u017ce\u00a0odbywa\u0107 si\u0119 w krajowych lub zagranicznych przedsi\u0119biorstwach\u00a0(instytucjach), kt\u00f3rych struktura i funkcjonowanie pozwalaj\u0105 na zrealizowanie cel\u00f3w praktyki. Miejsce Praktyki Zawodowej\u00a0proponuje student lub wskazuje Uczelnia.<\/li><li>Po jej\u00a0zako\u0144czeniu student otrzymuje zaliczenie na ocen\u0119 (zal\/o) i uzyskuje 18 punkt\u00f3w ECTS (po 6 ECTS za ka\u017cdy semestr).<\/li><li>W\u00a0przypadku student\u00f3w zatrudnionych nie kr\u00f3cej ni\u017c\u00a06 miesi\u0119cy, kt\u00f3rych obowi\u0105zki w miejscu pracy s\u0105 zgodne z\u00a0programem praktyk, istnieje mo\u017cliwo\u015b\u0107 zwolnienia przez Pe\u0142nomocnika Rektora ds. Praktyk Zawodowych z\u00a0obowi\u0105zku odbycia praktyki zawodowej\u00a0 (na podstawie z\u0142o\u017conego podania i za\u0142\u0105czonymi dokumentami ).<\/li><li>Osoby pracuj\u0105ce, ubiegaj\u0105ce si\u0119 o zwolnienie z obowi\u0105zku odbycia\u00a0Praktyki Zawodowej s\u0105 zobowi\u0105zane dostarczy\u0107 za\u015bwiadczenie o zatrudnieniu wystawionego przez pracodawc\u0119 wg wzoru <strong>(za\u0142\u0105cznik nr 6) .<\/strong><\/li><li>Studenci, kt\u00f3rzy s\u0105 zobligowani do odbycia\u00a0Praktyki Zawodowej, przed jej rozpocz\u0119ciem, musz\u0105 odebra\u0107 skierowanie na praktyk\u0119 z Uczelni i ewentualnie umow\u0119 z Instytucj\u0105 przyjmuj\u0105c\u0105 na\u00a0praktyk\u0119 (w przypadku braku zawarcia takiej umowy z dan\u0105 Instytucj\u0105), a po jej zako\u0144czeniu powinni dostarczy\u0107 za\u015bwiadczenie o uko\u0144czeniu\u00a0praktyki, opini\u0119 opiekuna praktyk oraz uzupe\u0142niony dziennik praktyk (wzory na stronie Internetowej Szko\u0142y).<\/li><li>Praktyka zawodowa musi\u00a0 by\u0107\u00a0 zaliczona\u00a0 przed\u00a0 ko\u0144cem\u00a0 semestru,\u00a0 w\u00a0 kt\u00f3rym\u00a0 program<\/li><\/ul><p>przewiduje jej realizacj\u0119.<\/p><ul><li>Wyb\u00f3r jednostki, w kt\u00f3rej realizowana b\u0119dzie praktyka dokonywany jest indywidualnie przez student\u00f3w spo\u015br\u00f3d jednostek, z kt\u00f3rymi podpisano porozumienie o realizacji praktyk zawodowych lub innej przedstawionej pe\u0142nomocnikowi Rektora ds. praktyk zawodowych w\u0142asnej propozycji miejsca i czasie odbycia praktyki w wybranej przez siebie jednostce przyjmuj\u0105cej, pod warunkiem, \u017ce zapewnia ona mo\u017cliwo\u015bci zrealizowania programu praktyki.<\/li><\/ul>\t\t\t\t\t<\/div>\n\t\t\t\t\t\t<\/div>\n\t\t\t\t<\/div>\n\t\t\t\t\t\t<\/div>\n\t\t\t\t\t<\/div>\n\t\t<\/div>\n\t\t\t\t\t\t\t\t<\/div>\n\t\t\t\t\t<\/div>\n\t\t<\/section>\n\t\t\t\t<section class=\"elementor-section elementor-top-section elementor-element elementor-element-ed81729 elementor-section-boxed elementor-section-height-default elementor-section-height-default\" data-id=\"ed81729\" data-element_type=\"section\">\n\t\t\t\t\t\t<div class=\"elementor-container elementor-column-gap-default\">\n\t\t\t\t\t\t\t<div class=\"elementor-row\">\n\t\t\t\t\t<div class=\"elementor-column elementor-col-100 elementor-top-column elementor-element elementor-element-4dd4420\" data-id=\"4dd4420\" data-element_type=\"column\">\n\t\t\t<div class=\"elementor-column-wrap elementor-element-populated\">\n\t\t\t\t\t\t\t<div class=\"elementor-widget-wrap\">\n\t\t\t\t\t\t<div class=\"elementor-element elementor-element-2eae8e6 elementor-widget elementor-widget-heading\" data-id=\"2eae8e6\" data-element_type=\"widget\" data-widget_type=\"heading.default\">\n\t\t\t\t<div class=\"elementor-widget-container\">\n\t\t\t<h2 class=\"elementor-heading-title elementor-size-default\">Dokumenty do pobrania<\/h2>\t\t<\/div>\n\t\t\t\t<\/div>\n\t\t\t\t<section class=\"elementor-section elementor-inner-section elementor-element elementor-element-7f75f59 elementor-section-boxed elementor-section-height-default elementor-section-height-default\" data-id=\"7f75f59\" data-element_type=\"section\">\n\t\t\t\t\t\t<div class=\"elementor-container elementor-column-gap-default\">\n\t\t\t\t\t\t\t<div class=\"elementor-row\">\n\t\t\t\t\t<div class=\"elementor-column elementor-col-50 elementor-inner-column elementor-element elementor-element-8b37641\" data-id=\"8b37641\" data-element_type=\"column\">\n\t\t\t<div class=\"elementor-column-wrap elementor-element-populated\">\n\t\t\t\t\t\t\t<div class=\"elementor-widget-wrap\">\n\t\t\t\t\t\t<div class=\"elementor-element elementor-element-d88c9ff elementor-widget elementor-widget-text-editor\" data-id=\"d88c9ff\" data-element_type=\"widget\" data-widget_type=\"text-editor.default\">\n\t\t\t\t<div class=\"elementor-widget-container\">\n\t\t\t\t\t\t\t\t<div class=\"elementor-text-editor elementor-clearfix\">\n\t\t\t\t<p><span style=\"color: #000080;\"><strong><span style=\"text-decoration: underline;\"><a style=\"color: #000080; text-decoration: underline;\" href=\"http:\/\/old.wsap.com.pl\/pliki\/praktyki\/zasady.docx\">Zasady odbywania Praktyk studenckich II stopnia.docx<\/a><\/span><\/strong><\/span><\/p><p><a href=\"http:\/\/old.wsap.com.pl\/pliki\/praktyki\/regulamin.docx\"><span style=\"text-decoration: underline;\"><strong><span style=\"color: #000080; text-decoration: underline;\">Regulamin Praktyk Zawodowych II stopnia<\/span><\/strong><\/span><\/a><\/p><p><br \/><a href=\"http:\/\/old.wsap.com.pl\/pliki\/praktyki\/zal1.docx\"><span style=\"text-decoration: underline;\"><strong><span style=\"color: #000080; text-decoration: underline;\">Za\u0142\u0105cznik nr 1 &#8211; Umowa w sprawie praktyk zawodowych.docx<\/span><\/strong><\/span><\/a><br \/><a href=\"http:\/\/old.wsap.com.pl\/pliki\/praktyki\/zal2.docx\"><span style=\"text-decoration: underline; color: #000080;\"><strong>Za\u0142\u0105cznik nr 2 &#8211; Program praktyk.docx<\/strong><\/span><\/a><br \/><a href=\"http:\/\/old.wsap.com.pl\/pliki\/praktyki\/zal3.docx\"><span style=\"text-decoration: underline;\"><strong><span style=\"color: #000080; text-decoration: underline;\">Za\u0142\u0105cznik nr 3 &#8211; Skierowanie na praktyki.docx<\/span><\/strong><\/span><\/a><br \/><a href=\"http:\/\/old.wsap.com.pl\/pliki\/praktyki\/zal4.docx\"><span style=\"text-decoration: underline; color: #000080;\"><strong>Za\u0142\u0105cznik nr 4 &#8211; Dziennik praktyk zawodowych.docx<\/strong><\/span><\/a><br \/><span style=\"text-decoration: underline; color: #000080;\"><strong><a style=\"color: #000080; text-decoration: underline;\" href=\"http:\/\/old.wsap.com.pl\/pliki\/praktyki\/zal5.docx\">Za\u0142\u0105cznik nr 5 &#8211; Za\u015bwiadczenie o odbyciu praktyk.docx<\/a><\/strong><\/span><br \/><a href=\"http:\/\/old.wsap.com.pl\/pliki\/praktyki\/zal6.docx\"><span style=\"text-decoration: underline;\"><strong><span style=\"color: #000080; text-decoration: underline;\">Za\u0142\u0105cznik nr 6 &#8211; Za\u015bwiadczenie dla pracuj\u0105cych.docx<\/span><\/strong><\/span><\/a><\/p>\t\t\t\t\t<\/div>\n\t\t\t\t\t\t<\/div>\n\t\t\t\t<\/div>\n\t\t\t\t\t\t<\/div>\n\t\t\t\t\t<\/div>\n\t\t<\/div>\n\t\t\t\t<div class=\"elementor-column elementor-col-50 elementor-inner-column elementor-element elementor-element-44aad78\" data-id=\"44aad78\" data-element_type=\"column\">\n\t\t\t<div class=\"elementor-column-wrap\">\n\t\t\t\t\t\t\t<div class=\"elementor-widget-wrap\">\n\t\t\t\t\t\t\t\t<\/div>\n\t\t\t\t\t<\/div>\n\t\t<\/div>\n\t\t\t\t\t\t\t\t<\/div>\n\t\t\t\t\t<\/div>\n\t\t<\/section>\n\t\t\t\t\t\t<\/div>\n\t\t\t\t\t<\/div>\n\t\t<\/div>\n\t\t\t\t\t\t\t\t<\/div>\n\t\t\t\t\t<\/div>\n\t\t<\/section>\n\t\t\t\t\t\t\t\t\t<\/div>\n\t\t\t<\/div>\n\t\t\t\t\t<\/div>\n\t\t","protected":false},"excerpt":{"rendered":"<p>UWAGA STUDENCI ! I ROKU STUDI\u00d3W MAGISTERSKICH Integralnym elementem procesu kszta\u0142cenia jest Praktyka Zawodowa. Praktyka zawodowa pozwala na uzupe\u0142nienie i pog\u0142\u0119bienie wiedzy uzyskanej przez studenta w toku procesu kszta\u0142cenia, kszta\u0142towanie umiej\u0119tno\u015bci i jej zastosowanie w praktycznym dzia\u0142aniu, rozwoju kompetencji zawodowych, poznanie funkcjonowania \u015brodowiska zawodowego, rynku pracy i oczekiwa\u0144 przysz\u0142ych pracodawc\u00f3w. Praktyka zawodowa umo\u017cliwia studentom sprawdzenie [&hellip;]<\/p>\n","protected":false},"author":3,"featured_media":0,"parent":0,"menu_order":0,"comment_status":"closed","ping_status":"closed","template":"","meta":{"footnotes":""},"class_list":["post-10683","page","type-page","status-publish","hentry","entry"],"_links":{"self":[{"href":"http:\/\/old.wsap.com.pl\/index.php?rest_route=\/wp\/v2\/pages\/10683"}],"collection":[{"href":"http:\/\/old.wsap.com.pl\/index.php?rest_route=\/wp\/v2\/pages"}],"about":[{"href":"http:\/\/old.wsap.com.pl\/index.php?rest_route=\/wp\/v2\/types\/page"}],"author":[{"embeddable":true,"href":"http:\/\/old.wsap.com.pl\/index.php?rest_route=\/wp\/v2\/users\/3"}],"replies":[{"embeddable":true,"href":"http:\/\/old.wsap.com.pl\/index.php?rest_route=%2Fwp%2Fv2%2Fcomments&post=10683"}],"version-history":[{"count":23,"href":"http:\/\/old.wsap.com.pl\/index.php?rest_route=\/wp\/v2\/pages\/10683\/revisions"}],"predecessor-version":[{"id":10711,"href":"http:\/\/old.wsap.com.pl\/index.php?rest_route=\/wp\/v2\/pages\/10683\/revisions\/10711"}],"wp:attachment":[{"href":"http:\/\/old.wsap.com.pl\/index.php?rest_route=%2Fwp%2Fv2%2Fmedia&parent=10683"}],"curies":[{"name":"wp","href":"https:\/\/api.w.org\/{rel}","templated":true}]}}