{"id":1371,"date":"2020-02-13T11:38:58","date_gmt":"2020-02-13T11:38:58","guid":{"rendered":"http:\/\/old.wsap.com.pl\/?page_id=1371"},"modified":"2020-02-13T11:45:49","modified_gmt":"2020-02-13T11:45:49","slug":"researchgate","status":"publish","type":"page","link":"http:\/\/old.wsap.com.pl\/?page_id=1371","title":{"rendered":"ResearchGATE"},"content":{"rendered":"\t\t<div data-elementor-type=\"wp-page\" data-elementor-id=\"1371\" class=\"elementor elementor-1371\">\n\t\t\t\t\t\t<div class=\"elementor-inner\">\n\t\t\t\t<div class=\"elementor-section-wrap\">\n\t\t\t\t\t\t\t\t\t<section class=\"elementor-section elementor-top-section elementor-element elementor-element-4c9cf00 elementor-section-boxed elementor-section-height-default elementor-section-height-default\" data-id=\"4c9cf00\" data-element_type=\"section\">\n\t\t\t\t\t\t<div class=\"elementor-container elementor-column-gap-default\">\n\t\t\t\t\t\t\t<div class=\"elementor-row\">\n\t\t\t\t\t<div class=\"elementor-column elementor-col-100 elementor-top-column elementor-element elementor-element-1e84e7f\" data-id=\"1e84e7f\" data-element_type=\"column\">\n\t\t\t<div class=\"elementor-column-wrap elementor-element-populated\">\n\t\t\t\t\t\t\t<div class=\"elementor-widget-wrap\">\n\t\t\t\t\t\t<section class=\"elementor-section elementor-inner-section elementor-element elementor-element-866d98d elementor-section-boxed elementor-section-height-default elementor-section-height-default\" data-id=\"866d98d\" data-element_type=\"section\">\n\t\t\t\t\t\t<div class=\"elementor-container elementor-column-gap-default\">\n\t\t\t\t\t\t\t<div class=\"elementor-row\">\n\t\t\t\t\t<div class=\"elementor-column elementor-col-50 elementor-inner-column elementor-element elementor-element-5991161\" data-id=\"5991161\" data-element_type=\"column\">\n\t\t\t<div class=\"elementor-column-wrap elementor-element-populated\">\n\t\t\t\t\t\t\t<div class=\"elementor-widget-wrap\">\n\t\t\t\t\t\t<div class=\"elementor-element elementor-element-663a9fa elementor-widget elementor-widget-text-editor\" data-id=\"663a9fa\" data-element_type=\"widget\" data-widget_type=\"text-editor.default\">\n\t\t\t\t<div class=\"elementor-widget-container\">\n\t\t\t\t\t\t\t\t<div class=\"elementor-text-editor elementor-clearfix\">\n\t\t\t\t<h3 style=\"text-align: center;\">ResearchGATE<\/h3><h3>ResearchGATE \u2013 najwi\u0119ksza, bezp\u0142atna, og\u00f3lnodost\u0119pna sie\u0107 akademicka skierowana do \u015brodowiska naukowego.<\/h3><p><a href=\"http:\/\/www.researchgate.net\/\"><img loading=\"lazy\" decoding=\"async\" class=\"aligncenter\" src=\"http:\/\/www.wsap2.home.pl\/pliki_admin\/fckeditor\/image\/ResearchGATE.jpg\" alt=\"\" width=\"353\" height=\"200\" align=\"middle\" \/><\/a><\/p><h3>ResearchGATE to typowy serwis spo\u0142eczno\u015bciowy, cz\u0119sto nazywany Facebookiem dla naukowc\u00f3w. Portal umo\u017cliwia wymian\u0119 wiadomo\u015bci w sieci, utrzymywanie kontakt\u00f3w z innymi u\u017cytkownikami na forach internetowych, tworzenie blogu oraz udzia\u0142 w wirtualnych grupach dyskusyjnych, kt\u00f3rych liczba przekroczy\u0142a ju\u017c 1100.<br \/>uczelniane).<\/h3>\t\t\t\t\t<\/div>\n\t\t\t\t\t\t<\/div>\n\t\t\t\t<\/div>\n\t\t\t\t\t\t<\/div>\n\t\t\t\t\t<\/div>\n\t\t<\/div>\n\t\t\t\t<div class=\"elementor-column elementor-col-50 elementor-inner-column elementor-element elementor-element-aff6295\" data-id=\"aff6295\" data-element_type=\"column\">\n\t\t\t<div class=\"elementor-column-wrap elementor-element-populated\">\n\t\t\t\t\t\t\t<div class=\"elementor-widget-wrap\">\n\t\t\t\t\t\t<div class=\"elementor-element elementor-element-40e2753 elementor-widget elementor-widget-text-editor\" data-id=\"40e2753\" data-element_type=\"widget\" data-widget_type=\"text-editor.default\">\n\t\t\t\t<div class=\"elementor-widget-container\">\n\t\t\t\t\t\t\t\t<div class=\"elementor-text-editor elementor-clearfix\">\n\t\t\t\t<h3>\u00a0<\/h3><h3>Baza uczestnik\u00f3w sieci obejmuje ponad 500.000 naukowc\u00f3w ze 196 pa\u0144stw. U\u017cytkownicy zarz\u0105dzaj\u0105 w\u0142asn\u0105 list\u0105 publikacji, bezpo\u015brednio przej\u0119t\u0105 z siedmiu fachowych baz danych (jak IEEE, CiteSeer), oraz ponad 1000 baz og\u00f3lnodost\u0119pnych (jak DOAI, PubMed, arXiv, NASA Library oraz liczne repozytoria.<\/h3><h3>Portal jest przydatny dla wszystkich jako zwyk\u0142y, bezp\u0142atny serwis czasopism oraz artyku\u0142\u00f3w naukowych (w du\u017cej cz\u0119\u015bci pe\u0142notekstowych), kt\u00f3rych jest ju\u017c ponad 35 000 000.<br \/>Nowa platforma udost\u0119pnia naukowcom r\u00f3\u017cne aplikacje, skutecznie zach\u0119caj\u0105c do zacie\u015bniania wsp\u00f3\u0142pracy i wymiany wiedzy.<\/h3><h3>Zach\u0119camy do zalogowania si\u0119 na ResearchGATE<\/h3><h3><a href=\"http:\/\/www.resarchgate.net\" target=\"_blank\" rel=\"noopener\">http:\/\/www.researchgate.net\/<\/a><\/h3>\t\t\t\t\t<\/div>\n\t\t\t\t\t\t<\/div>\n\t\t\t\t<\/div>\n\t\t\t\t\t\t<\/div>\n\t\t\t\t\t<\/div>\n\t\t<\/div>\n\t\t\t\t\t\t\t\t<\/div>\n\t\t\t\t\t<\/div>\n\t\t<\/section>\n\t\t\t\t\t\t<\/div>\n\t\t\t\t\t<\/div>\n\t\t<\/div>\n\t\t\t\t\t\t\t\t<\/div>\n\t\t\t\t\t<\/div>\n\t\t<\/section>\n\t\t\t\t\t\t\t\t\t<\/div>\n\t\t\t<\/div>\n\t\t\t\t\t<\/div>\n\t\t","protected":false},"excerpt":{"rendered":"<p>ResearchGATE ResearchGATE \u2013 najwi\u0119ksza, bezp\u0142atna, og\u00f3lnodost\u0119pna sie\u0107 akademicka skierowana do \u015brodowiska naukowego. ResearchGATE to typowy serwis spo\u0142eczno\u015bciowy, cz\u0119sto nazywany Facebookiem dla naukowc\u00f3w. Portal umo\u017cliwia wymian\u0119 wiadomo\u015bci w sieci, utrzymywanie kontakt\u00f3w z innymi u\u017cytkownikami na forach internetowych, tworzenie blogu oraz udzia\u0142 w wirtualnych grupach dyskusyjnych, kt\u00f3rych liczba przekroczy\u0142a ju\u017c 1100.uczelniane). \u00a0 Baza uczestnik\u00f3w sieci obejmuje ponad [&hellip;]<\/p>\n","protected":false},"author":3,"featured_media":0,"parent":0,"menu_order":0,"comment_status":"closed","ping_status":"closed","template":"","meta":{"footnotes":""},"class_list":["post-1371","page","type-page","status-publish","hentry","entry"],"_links":{"self":[{"href":"http:\/\/old.wsap.com.pl\/index.php?rest_route=\/wp\/v2\/pages\/1371"}],"collection":[{"href":"http:\/\/old.wsap.com.pl\/index.php?rest_route=\/wp\/v2\/pages"}],"about":[{"href":"http:\/\/old.wsap.com.pl\/index.php?rest_route=\/wp\/v2\/types\/page"}],"author":[{"embeddable":true,"href":"http:\/\/old.wsap.com.pl\/index.php?rest_route=\/wp\/v2\/users\/3"}],"replies":[{"embeddable":true,"href":"http:\/\/old.wsap.com.pl\/index.php?rest_route=%2Fwp%2Fv2%2Fcomments&post=1371"}],"version-history":[{"count":2,"href":"http:\/\/old.wsap.com.pl\/index.php?rest_route=\/wp\/v2\/pages\/1371\/revisions"}],"predecessor-version":[{"id":1373,"href":"http:\/\/old.wsap.com.pl\/index.php?rest_route=\/wp\/v2\/pages\/1371\/revisions\/1373"}],"wp:attachment":[{"href":"http:\/\/old.wsap.com.pl\/index.php?rest_route=%2Fwp%2Fv2%2Fmedia&parent=1371"}],"curies":[{"name":"wp","href":"https:\/\/api.w.org\/{rel}","templated":true}]}}