{"id":1476,"date":"2020-02-19T09:17:06","date_gmt":"2020-02-19T09:17:06","guid":{"rendered":"http:\/\/old.wsap.com.pl\/?page_id=1476"},"modified":"2024-09-02T21:28:59","modified_gmt":"2024-09-02T19:28:59","slug":"rekrutacja-krok-po-kroku","status":"publish","type":"page","link":"http:\/\/old.wsap.com.pl\/?page_id=1476","title":{"rendered":"Rekrutacja krok po kroku"},"content":{"rendered":"\t\t<div data-elementor-type=\"wp-page\" data-elementor-id=\"1476\" class=\"elementor elementor-1476\">\n\t\t\t\t\t\t<div class=\"elementor-inner\">\n\t\t\t\t<div class=\"elementor-section-wrap\">\n\t\t\t\t\t\t\t\t\t<section class=\"elementor-section elementor-top-section elementor-element elementor-element-d8b9144 elementor-section-boxed elementor-section-height-default elementor-section-height-default\" data-id=\"d8b9144\" data-element_type=\"section\">\n\t\t\t\t\t\t<div class=\"elementor-container elementor-column-gap-default\">\n\t\t\t\t\t\t\t<div class=\"elementor-row\">\n\t\t\t\t\t<div class=\"elementor-column elementor-col-100 elementor-top-column elementor-element elementor-element-e14789a\" data-id=\"e14789a\" data-element_type=\"column\">\n\t\t\t<div class=\"elementor-column-wrap elementor-element-populated\">\n\t\t\t\t\t\t\t<div class=\"elementor-widget-wrap\">\n\t\t\t\t\t\t<div class=\"elementor-element elementor-element-075c3f5 animated-slow elementor-invisible elementor-widget elementor-widget-heading\" data-id=\"075c3f5\" data-element_type=\"widget\" data-settings=\"{&quot;_animation&quot;:&quot;zoomIn&quot;}\" data-widget_type=\"heading.default\">\n\t\t\t\t<div class=\"elementor-widget-container\">\n\t\t\t<h1 class=\"elementor-heading-title elementor-size-default\">Rekrutacja przed\u0142u\u017cona<\/h1>\t\t<\/div>\n\t\t\t\t<\/div>\n\t\t\t\t<div class=\"elementor-element elementor-element-9ac81a4 elementor-widget elementor-widget-text-editor\" data-id=\"9ac81a4\" data-element_type=\"widget\" data-widget_type=\"text-editor.default\">\n\t\t\t\t<div class=\"elementor-widget-container\">\n\t\t\t\t\t\t\t\t<div class=\"elementor-text-editor elementor-clearfix\">\n\t\t\t\t<h1 style=\"text-align: center;\"><em><span style=\"color: #000080; font-size: 23px;\">Informacja dla kandydat\u00f3w na studia I stopnia (licencjackie) krok po kroku:<\/span><\/em><\/h1><p style=\"text-align: left;\"><strong style=\"font-size: 23px; text-align: left;\"><span style=\"color: #000080;\">1.\u00a0<\/span><a href=\"http:\/\/old.wsap.com.pl\/formularz\/\" target=\"_blank\" rel=\"noopener\"><span style=\"color: #000080;\">Wype\u0142nij poni\u017cszy aktywny formularz i za\u0142\u0105cz\u00a0 potwierdzenie dowodu\u00a0 wp\u0142aty wpisowego<\/span><\/a><\/strong><\/p><h2><span style=\"color: #b00707;\"><strong>\u00a0 \u00a0 \u00a0 \u00a0 \u00a0 Wysoko\u015b\u0107 wpisowego wynosi\u00a0<\/strong> <strong>\u2013 300 z\u0142<\/strong><\/span><\/h2><h2><span style=\"color: #b00707;\"><strong>\u00a0 \u00a0 \u00a0 \u00a0 \u00a0 Numer konta:\u00a0<\/strong> \u00a0 \u00a0<strong>ALIOR BANK Nr<\/strong> <strong>50 2490 0005 0000 4530 8630 9685\u00a0<\/strong><\/span><\/h2>\t\t\t\t\t<\/div>\n\t\t\t\t\t\t<\/div>\n\t\t\t\t<\/div>\n\t\t\t\t<div class=\"elementor-element elementor-element-541ba3c elementor-align-center elementor-mobile-align-center elementor-button-info elementor-widget__width-initial elementor-widget elementor-widget-button\" data-id=\"541ba3c\" data-element_type=\"widget\" data-widget_type=\"button.default\">\n\t\t\t\t<div class=\"elementor-widget-container\">\n\t\t\t\t\t<div class=\"elementor-button-wrapper\">\n\t\t\t<a href=\"http:\/\/old.wsap.com.pl\/formularz\/\" target=\"_blank\" class=\"elementor-button-link elementor-button elementor-size-sm elementor-animation-float\" role=\"button\">\n\t\t\t\t\t\t<span class=\"elementor-button-content-wrapper\">\n\t\t\t\t\t\t\t<span class=\"elementor-button-icon elementor-align-icon-left\">\n\t\t\t\t<i aria-hidden=\"true\" class=\"far fa-address-card\"><\/i>\t\t\t<\/span>\n\t\t\t\t\t\t<span class=\"elementor-button-text\">Formularz - studia licencjackie<\/span>\n\t\t<\/span>\n\t\t\t\t\t<\/a>\n\t\t<\/div>\n\t\t\t\t<\/div>\n\t\t\t\t<\/div>\n\t\t\t\t<div class=\"elementor-element elementor-element-74dc47f elementor-widget elementor-widget-text-editor\" data-id=\"74dc47f\" data-element_type=\"widget\" data-widget_type=\"text-editor.default\">\n\t\t\t\t<div class=\"elementor-widget-container\">\n\t\t\t\t\t\t\t\t<div class=\"elementor-text-editor elementor-clearfix\">\n\t\t\t\t<p>\u00a0<\/p><p style=\"text-align: left;\"><span style=\"color: #000080;\"><strong>2. W e-mailu zwrotnym zostanie wys\u0142ane\u00a0 potwierdzenie przyj\u0119cia formularza oraz informacja <\/strong><\/span><\/p><p style=\"text-align: left;\"><span style=\"color: #000080;\"><strong>o terminie i formie dostarczenia dokument\u00f3w.<\/strong><\/span><\/p><p style=\"text-align: left;\"><span style=\"color: #000080;\"><strong>3. Informacja o przyj\u0119ciu na studia zostanie wys\u0142ana po wype\u0142nieniu wszystkich formalno\u015bci na <\/strong><\/span><span style=\"color: #000080;\"><strong>e-maila podanego przez w formularzu.<\/strong><\/span><\/p>\t\t\t\t\t<\/div>\n\t\t\t\t\t\t<\/div>\n\t\t\t\t<\/div>\n\t\t\t\t<div class=\"elementor-element elementor-element-87a97b9 elementor-widget elementor-widget-text-editor\" data-id=\"87a97b9\" data-element_type=\"widget\" data-widget_type=\"text-editor.default\">\n\t\t\t\t<div class=\"elementor-widget-container\">\n\t\t\t\t\t\t\t\t<div class=\"elementor-text-editor elementor-clearfix\">\n\t\t\t\t<p><em><span style=\"color: #000080;\"><strong>Dzi\u0119kujemy za zastosowanie si\u0119 do powy\u017cszych wskaz\u00f3wek.<\/strong><\/span><\/em><\/p>\t\t\t\t\t<\/div>\n\t\t\t\t\t\t<\/div>\n\t\t\t\t<\/div>\n\t\t\t\t<div class=\"elementor-element elementor-element-0705cef elementor-widget elementor-widget-spacer\" data-id=\"0705cef\" data-element_type=\"widget\" data-widget_type=\"spacer.default\">\n\t\t\t\t<div class=\"elementor-widget-container\">\n\t\t\t\t\t<div class=\"elementor-spacer\">\n\t\t\t<div class=\"elementor-spacer-inner\"><\/div>\n\t\t<\/div>\n\t\t\t\t<\/div>\n\t\t\t\t<\/div>\n\t\t\t\t<div class=\"elementor-element elementor-element-76e6f2d elementor-button-info elementor-align-center elementor-widget elementor-widget-button\" data-id=\"76e6f2d\" data-element_type=\"widget\" data-widget_type=\"button.default\">\n\t\t\t\t<div class=\"elementor-widget-container\">\n\t\t\t\t\t<div class=\"elementor-button-wrapper\">\n\t\t\t<a href=\"http:\/\/old.wsap.com.pl\/pliki\/rekrutacja\/rekrutacjadokumenty.pdf\" class=\"elementor-button-link elementor-button elementor-size-lg\" role=\"button\">\n\t\t\t\t\t\t<span class=\"elementor-button-content-wrapper\">\n\t\t\t\t\t\t\t<span class=\"elementor-button-icon elementor-align-icon-left\">\n\t\t\t\t<i aria-hidden=\"true\" class=\"far fa-file-pdf\"><\/i>\t\t\t<\/span>\n\t\t\t\t\t\t<span class=\"elementor-button-text\">Niezb\u0119dne dokumenty\u00a0 do dostarczenia <\/span>\n\t\t<\/span>\n\t\t\t\t\t<\/a>\n\t\t<\/div>\n\t\t\t\t<\/div>\n\t\t\t\t<\/div>\n\t\t\t\t<div class=\"elementor-element elementor-element-3c4535e elementor-button-info elementor-align-center elementor-widget elementor-widget-button\" data-id=\"3c4535e\" data-element_type=\"widget\" data-widget_type=\"button.default\">\n\t\t\t\t<div class=\"elementor-widget-container\">\n\t\t\t\t\t<div class=\"elementor-button-wrapper\">\n\t\t\t<a href=\"http:\/\/old.wsap.com.pl\/pliki\/bip\/3.pdf\" target=\"_blank\" class=\"elementor-button-link elementor-button elementor-size-lg\" role=\"button\">\n\t\t\t\t\t\t<span class=\"elementor-button-content-wrapper\">\n\t\t\t\t\t\t\t<span class=\"elementor-button-icon elementor-align-icon-left\">\n\t\t\t\t<i aria-hidden=\"true\" class=\"far fa-file-pdf\"><\/i>\t\t\t<\/span>\n\t\t\t\t\t\t<span class=\"elementor-button-text\">Rekrutacja - op\u0142aty - 2024\/2025 - (pobierz)<\/span>\n\t\t<\/span>\n\t\t\t\t\t<\/a>\n\t\t<\/div>\n\t\t\t\t<\/div>\n\t\t\t\t<\/div>\n\t\t\t\t<div class=\"elementor-element elementor-element-bdb5391 elementor-widget elementor-widget-spacer\" data-id=\"bdb5391\" data-element_type=\"widget\" data-widget_type=\"spacer.default\">\n\t\t\t\t<div class=\"elementor-widget-container\">\n\t\t\t\t\t<div class=\"elementor-spacer\">\n\t\t\t<div class=\"elementor-spacer-inner\"><\/div>\n\t\t<\/div>\n\t\t\t\t<\/div>\n\t\t\t\t<\/div>\n\t\t\t\t<div class=\"elementor-element elementor-element-3bcc1c3 elementor-widget-divider--view-line elementor-widget elementor-widget-divider\" data-id=\"3bcc1c3\" data-element_type=\"widget\" data-widget_type=\"divider.default\">\n\t\t\t\t<div class=\"elementor-widget-container\">\n\t\t\t\t\t<div class=\"elementor-divider\">\n\t\t\t<span class=\"elementor-divider-separator\">\n\t\t\t\t\t\t<\/span>\n\t\t<\/div>\n\t\t\t\t<\/div>\n\t\t\t\t<\/div>\n\t\t\t\t<div class=\"elementor-element elementor-element-763fc4c elementor-widget elementor-widget-text-editor\" data-id=\"763fc4c\" data-element_type=\"widget\" data-widget_type=\"text-editor.default\">\n\t\t\t\t<div class=\"elementor-widget-container\">\n\t\t\t\t\t\t\t\t<div class=\"elementor-text-editor elementor-clearfix\">\n\t\t\t\t<h1 style=\"text-align: center;\"><em><span style=\"color: #000080;\">Informacja dla kandydat\u00f3w na studia podyplomowe krok po kroku\u00a0<\/span><\/em><\/h1><p style=\"text-align: left;\"><a href=\"http:\/\/old.wsap.com.pl\/formularz-rekrutacyjny-2020-2021\/\" target=\"_blank\" rel=\"noopener\"><strong><span style=\"color: #000080;\">1.\u00a0<\/span><span style=\"color: #000080;\">Wype\u0142nij poni\u017cszy formularz i za\u0142\u0105cz\u00a0 potwierdzenie dowodu\u00a0 wp\u0142aty wpisowego <\/span><\/strong><\/a><\/p><h2><span style=\"color: #ff0000;\"><strong>\u00a0 Wysoko\u015b\u0107 wpisowego wynosi\u00a0<\/strong> <strong>\u2013 200 z\u0142<\/strong><\/span><\/h2><h2><span style=\"color: #ff0000;\"><strong>\u00a0 \u00a0 \u00a0 \u00a0 \u00a0 Numer konta:\u00a0<\/strong> \u00a0 \u00a0<strong>ALIOR BANK Nr<\/strong> <strong>50 2490 0005 0000 4530 8630 9685\u00a0<\/strong><\/span><\/h2>\t\t\t\t\t<\/div>\n\t\t\t\t\t\t<\/div>\n\t\t\t\t<\/div>\n\t\t\t\t<div class=\"elementor-element elementor-element-b381a68 elementor-align-center elementor-mobile-align-center elementor-button-info elementor-widget elementor-widget-button\" data-id=\"b381a68\" data-element_type=\"widget\" data-widget_type=\"button.default\">\n\t\t\t\t<div class=\"elementor-widget-container\">\n\t\t\t\t\t<div class=\"elementor-button-wrapper\">\n\t\t\t<a href=\"http:\/\/old.wsap.com.pl\/formularz-rekrutacyjny-podyplomowe\/\" target=\"_blank\" class=\"elementor-button-link elementor-button elementor-size-sm elementor-animation-float\" role=\"button\">\n\t\t\t\t\t\t<span class=\"elementor-button-content-wrapper\">\n\t\t\t\t\t\t\t<span class=\"elementor-button-icon elementor-align-icon-left\">\n\t\t\t\t<i aria-hidden=\"true\" class=\"far fa-address-card\"><\/i>\t\t\t<\/span>\n\t\t\t\t\t\t<span class=\"elementor-button-text\">Formularz - studia podyplomowe<\/span>\n\t\t<\/span>\n\t\t\t\t\t<\/a>\n\t\t<\/div>\n\t\t\t\t<\/div>\n\t\t\t\t<\/div>\n\t\t\t\t<div class=\"elementor-element elementor-element-1df8edd elementor-widget elementor-widget-text-editor\" data-id=\"1df8edd\" data-element_type=\"widget\" data-widget_type=\"text-editor.default\">\n\t\t\t\t<div class=\"elementor-widget-container\">\n\t\t\t\t\t\t\t\t<div class=\"elementor-text-editor elementor-clearfix\">\n\t\t\t\t<p><span style=\"color: #000080;\"><strong>2.\u00a0W e-mailu zwrotnym zostanie wys\u0142ane do Ciebie potwierdzenie przyj\u0119cia formularza oraz informacja\u00a0 <\/strong><\/span><\/p><p><span style=\"color: #000080;\"><strong>o terminie i formie dostarczenia dokument\u00f3w.<\/strong><\/span><\/p><p><span style=\"color: #000080;\"><strong>3. Po dostarczeniu dokument\u00f3w informacja o przyj\u0119ciu na studia zostanie wys\u0142ana <br \/><\/strong><\/span><\/p><p><span style=\"color: #000080;\"><strong>na e-maila podanego <\/strong><\/span><span style=\"color: #000080;\"><strong>przez Ciebie <\/strong><\/span><span style=\"color: #000080;\"><strong>w formularzu.<\/strong><\/span><\/p>\t\t\t\t\t<\/div>\n\t\t\t\t\t\t<\/div>\n\t\t\t\t<\/div>\n\t\t\t\t<div class=\"elementor-element elementor-element-d5fd272 elementor-widget elementor-widget-spacer\" data-id=\"d5fd272\" data-element_type=\"widget\" data-widget_type=\"spacer.default\">\n\t\t\t\t<div class=\"elementor-widget-container\">\n\t\t\t\t\t<div class=\"elementor-spacer\">\n\t\t\t<div class=\"elementor-spacer-inner\"><\/div>\n\t\t<\/div>\n\t\t\t\t<\/div>\n\t\t\t\t<\/div>\n\t\t\t\t<div class=\"elementor-element elementor-element-a96d8bd elementor-button-info elementor-align-center elementor-widget elementor-widget-button\" data-id=\"a96d8bd\" data-element_type=\"widget\" data-widget_type=\"button.default\">\n\t\t\t\t<div class=\"elementor-widget-container\">\n\t\t\t\t\t<div class=\"elementor-button-wrapper\">\n\t\t\t<a href=\"http:\/\/old.wsap.com.pl\/pliki\/bip\/5.pdf\" target=\"_blank\" class=\"elementor-button-link elementor-button elementor-size-lg\" role=\"button\">\n\t\t\t\t\t\t<span class=\"elementor-button-content-wrapper\">\n\t\t\t\t\t\t\t<span class=\"elementor-button-icon elementor-align-icon-left\">\n\t\t\t\t<i aria-hidden=\"true\" class=\"far fa-file-pdf\"><\/i>\t\t\t<\/span>\n\t\t\t\t\t\t<span class=\"elementor-button-text\">Rekrutacja - podyplomowe - op\u0142aty - 2024\/2025 - (pobierz)<\/span>\n\t\t<\/span>\n\t\t\t\t\t<\/a>\n\t\t<\/div>\n\t\t\t\t<\/div>\n\t\t\t\t<\/div>\n\t\t\t\t<div class=\"elementor-element elementor-element-18bc63c elementor-align-left elementor-mobile-align-center elementor-button-info elementor-fixed elementor-widget elementor-widget-button\" data-id=\"18bc63c\" data-element_type=\"widget\" data-settings=\"{&quot;_position&quot;:&quot;fixed&quot;}\" data-widget_type=\"button.default\">\n\t\t\t\t<div class=\"elementor-widget-container\">\n\t\t\t\t\t<div class=\"elementor-button-wrapper\">\n\t\t\t<a href=\"http:\/\/old.wsap.com.pl\/formularz\/\" target=\"_blank\" class=\"elementor-button-link elementor-button elementor-size-sm elementor-animation-float\" role=\"button\">\n\t\t\t\t\t\t<span class=\"elementor-button-content-wrapper\">\n\t\t\t\t\t\t\t<span class=\"elementor-button-icon elementor-align-icon-left\">\n\t\t\t\t<i aria-hidden=\"true\" class=\"far fa-address-card\"><\/i>\t\t\t<\/span>\n\t\t\t\t\t\t<span class=\"elementor-button-text\">Formularz studia I stopnia<\/span>\n\t\t<\/span>\n\t\t\t\t\t<\/a>\n\t\t<\/div>\n\t\t\t\t<\/div>\n\t\t\t\t<\/div>\n\t\t\t\t<div class=\"elementor-element elementor-element-96170ba elementor-align-left elementor-mobile-align-center elementor-button-info elementor-fixed elementor-widget elementor-widget-button\" data-id=\"96170ba\" data-element_type=\"widget\" data-settings=\"{&quot;_position&quot;:&quot;fixed&quot;}\" data-widget_type=\"button.default\">\n\t\t\t\t<div class=\"elementor-widget-container\">\n\t\t\t\t\t<div class=\"elementor-button-wrapper\">\n\t\t\t<a href=\"https:\/\/forms.office.com\/e\/0aMHXjuwk1\" target=\"_blank\" class=\"elementor-button-link elementor-button elementor-size-sm elementor-animation-float\" role=\"button\">\n\t\t\t\t\t\t<span class=\"elementor-button-content-wrapper\">\n\t\t\t\t\t\t\t<span class=\"elementor-button-icon elementor-align-icon-left\">\n\t\t\t\t<i aria-hidden=\"true\" class=\"far fa-address-card\"><\/i>\t\t\t<\/span>\n\t\t\t\t\t\t<span class=\"elementor-button-text\">Formularz studia II stopnia<\/span>\n\t\t<\/span>\n\t\t\t\t\t<\/a>\n\t\t<\/div>\n\t\t\t\t<\/div>\n\t\t\t\t<\/div>\n\t\t\t\t\t\t<\/div>\n\t\t\t\t\t<\/div>\n\t\t<\/div>\n\t\t\t\t\t\t\t\t<\/div>\n\t\t\t\t\t<\/div>\n\t\t<\/section>\n\t\t\t\t<section class=\"elementor-section elementor-top-section elementor-element elementor-element-f511c98 elementor-section-boxed elementor-section-height-default elementor-section-height-default\" data-id=\"f511c98\" data-element_type=\"section\">\n\t\t\t\t\t\t<div class=\"elementor-container elementor-column-gap-default\">\n\t\t\t\t\t\t\t<div class=\"elementor-row\">\n\t\t\t\t\t<div class=\"elementor-column elementor-col-100 elementor-top-column elementor-element elementor-element-55dbc4d\" data-id=\"55dbc4d\" data-element_type=\"column\">\n\t\t\t<div class=\"elementor-column-wrap elementor-element-populated\">\n\t\t\t\t\t\t\t<div class=\"elementor-widget-wrap\">\n\t\t\t\t\t\t<div class=\"elementor-element elementor-element-76a0ef3 elementor-button-info elementor-align-center elementor-widget elementor-widget-button\" data-id=\"76a0ef3\" data-element_type=\"widget\" data-widget_type=\"button.default\">\n\t\t\t\t<div class=\"elementor-widget-container\">\n\t\t\t\t\t<div class=\"elementor-button-wrapper\">\n\t\t\t<a href=\"http:\/\/old.wsap.com.pl\/pliki\/rekrutacja\/rekrutacjadokumenty.pdf\" class=\"elementor-button-link elementor-button elementor-size-lg\" role=\"button\">\n\t\t\t\t\t\t<span class=\"elementor-button-content-wrapper\">\n\t\t\t\t\t\t\t<span class=\"elementor-button-icon elementor-align-icon-left\">\n\t\t\t\t<i aria-hidden=\"true\" class=\"far fa-file-pdf\"><\/i>\t\t\t<\/span>\n\t\t\t\t\t\t<span class=\"elementor-button-text\">Niezb\u0119dne dokumenty\u00a0 do dostarczenia <\/span>\n\t\t<\/span>\n\t\t\t\t\t<\/a>\n\t\t<\/div>\n\t\t\t\t<\/div>\n\t\t\t\t<\/div>\n\t\t\t\t<div class=\"elementor-element elementor-element-0ac559e elementor-widget-divider--view-line elementor-widget elementor-widget-divider\" data-id=\"0ac559e\" data-element_type=\"widget\" data-widget_type=\"divider.default\">\n\t\t\t\t<div class=\"elementor-widget-container\">\n\t\t\t\t\t<div class=\"elementor-divider\">\n\t\t\t<span class=\"elementor-divider-separator\">\n\t\t\t\t\t\t<\/span>\n\t\t<\/div>\n\t\t\t\t<\/div>\n\t\t\t\t<\/div>\n\t\t\t\t\t\t<\/div>\n\t\t\t\t\t<\/div>\n\t\t<\/div>\n\t\t\t\t\t\t\t\t<\/div>\n\t\t\t\t\t<\/div>\n\t\t<\/section>\n\t\t\t\t<section class=\"elementor-section elementor-top-section elementor-element elementor-element-9515fe8 elementor-section-boxed elementor-section-height-default elementor-section-height-default\" data-id=\"9515fe8\" data-element_type=\"section\" data-settings=\"{&quot;background_background&quot;:&quot;classic&quot;}\">\n\t\t\t\t\t\t\t<div class=\"elementor-background-overlay\"><\/div>\n\t\t\t\t\t\t\t<div class=\"elementor-container elementor-column-gap-default\">\n\t\t\t\t\t\t\t<div class=\"elementor-row\">\n\t\t\t\t\t<div class=\"elementor-column elementor-col-100 elementor-top-column elementor-element elementor-element-8c73bdc elementor-invisible\" data-id=\"8c73bdc\" data-element_type=\"column\" data-settings=\"{&quot;background_background&quot;:&quot;classic&quot;,&quot;animation&quot;:&quot;fadeInRight&quot;}\">\n\t\t\t<div class=\"elementor-column-wrap elementor-element-populated\">\n\t\t\t\t\t\t\t<div class=\"elementor-widget-wrap\">\n\t\t\t\t\t\t<div class=\"elementor-element elementor-element-01c0539 elementor-widget elementor-widget-heading\" data-id=\"01c0539\" data-element_type=\"widget\" data-widget_type=\"heading.default\">\n\t\t\t\t<div class=\"elementor-widget-container\">\n\t\t\t<h4 class=\"elementor-heading-title elementor-size-default\">Nasz adres:<\/h4>\t\t<\/div>\n\t\t\t\t<\/div>\n\t\t\t\t<div class=\"elementor-element elementor-element-9425955 elementor-widget elementor-widget-text-editor\" data-id=\"9425955\" data-element_type=\"widget\" data-widget_type=\"text-editor.default\">\n\t\t\t\t<div class=\"elementor-widget-container\">\n\t\t\t\t\t\t\t\t<div class=\"elementor-text-editor elementor-clearfix\">\n\t\t\t\t<p><em><strong>Wy\u017csza Szko\u0142a Administracji Publicznej w Ostro\u0142\u0119ce<\/strong><\/em><\/p><p>ul. Janusza Korczaka 73, 07-409 Ostro\u0142\u0119ka<\/p>\t\t\t\t\t<\/div>\n\t\t\t\t\t\t<\/div>\n\t\t\t\t<\/div>\n\t\t\t\t<div class=\"elementor-element elementor-element-e5e60c1 elementor-align-left elementor-mobile-align-center elementor-tablet-align-center elementor-widget__width-initial elementor-widget elementor-widget-button\" data-id=\"e5e60c1\" data-element_type=\"widget\" data-widget_type=\"button.default\">\n\t\t\t\t<div class=\"elementor-widget-container\">\n\t\t\t\t\t<div class=\"elementor-button-wrapper\">\n\t\t\t<a href=\"tel:297606886\" class=\"elementor-button-link elementor-button elementor-size-sm elementor-animation-grow\" role=\"button\">\n\t\t\t\t\t\t<span class=\"elementor-button-content-wrapper\">\n\t\t\t\t\t\t\t<span class=\"elementor-button-icon elementor-align-icon-left\">\n\t\t\t\t<i aria-hidden=\"true\" class=\"fas fa-phone-alt\"><\/i>\t\t\t<\/span>\n\t\t\t\t\t\t<span class=\"elementor-button-text\">29 760 68 86<\/span>\n\t\t<\/span>\n\t\t\t\t\t<\/a>\n\t\t<\/div>\n\t\t\t\t<\/div>\n\t\t\t\t<\/div>\n\t\t\t\t<div class=\"elementor-element elementor-element-90c606b elementor-align-left elementor-mobile-align-center elementor-tablet-align-center elementor-widget__width-initial elementor-widget elementor-widget-button\" data-id=\"90c606b\" data-element_type=\"widget\" data-widget_type=\"button.default\">\n\t\t\t\t<div class=\"elementor-widget-container\">\n\t\t\t\t\t<div class=\"elementor-button-wrapper\">\n\t\t\t<a href=\"mailto:dziekanati@old.wsap.com.pl\" class=\"elementor-button-link elementor-button elementor-size-sm elementor-animation-grow\" role=\"button\">\n\t\t\t\t\t\t<span class=\"elementor-button-content-wrapper\">\n\t\t\t\t\t\t\t<span class=\"elementor-button-icon elementor-align-icon-left\">\n\t\t\t\t<i aria-hidden=\"true\" class=\"far fa-envelope\"><\/i>\t\t\t<\/span>\n\t\t\t\t\t\t<span class=\"elementor-button-text\">dziekanat@old.wsap.com.pl<\/span>\n\t\t<\/span>\n\t\t\t\t\t<\/a>\n\t\t<\/div>\n\t\t\t\t<\/div>\n\t\t\t\t<\/div>\n\t\t\t\t\t\t<\/div>\n\t\t\t\t\t<\/div>\n\t\t<\/div>\n\t\t\t\t\t\t\t\t<\/div>\n\t\t\t\t\t<\/div>\n\t\t<\/section>\n\t\t\t\t\t\t\t\t\t<\/div>\n\t\t\t<\/div>\n\t\t\t\t\t<\/div>\n\t\t","protected":false},"excerpt":{"rendered":"<p>Rekrutacja przed\u0142u\u017cona Informacja dla kandydat\u00f3w na studia I stopnia (licencjackie) krok po kroku: 1.\u00a0Wype\u0142nij poni\u017cszy aktywny formularz i za\u0142\u0105cz\u00a0 potwierdzenie dowodu\u00a0 wp\u0142aty wpisowego \u00a0 \u00a0 \u00a0 \u00a0 \u00a0 Wysoko\u015b\u0107 wpisowego wynosi\u00a0 \u2013 300 z\u0142 \u00a0 \u00a0 \u00a0 \u00a0 \u00a0 Numer konta:\u00a0 \u00a0 \u00a0ALIOR BANK Nr 50 2490 0005 0000 4530 8630 9685\u00a0 Formularz &#8211; studia [&hellip;]<\/p>\n","protected":false},"author":3,"featured_media":0,"parent":0,"menu_order":0,"comment_status":"closed","ping_status":"closed","template":"","meta":{"footnotes":""},"class_list":["post-1476","page","type-page","status-publish","hentry","entry"],"_links":{"self":[{"href":"http:\/\/old.wsap.com.pl\/index.php?rest_route=\/wp\/v2\/pages\/1476"}],"collection":[{"href":"http:\/\/old.wsap.com.pl\/index.php?rest_route=\/wp\/v2\/pages"}],"about":[{"href":"http:\/\/old.wsap.com.pl\/index.php?rest_route=\/wp\/v2\/types\/page"}],"author":[{"embeddable":true,"href":"http:\/\/old.wsap.com.pl\/index.php?rest_route=\/wp\/v2\/users\/3"}],"replies":[{"embeddable":true,"href":"http:\/\/old.wsap.com.pl\/index.php?rest_route=%2Fwp%2Fv2%2Fcomments&post=1476"}],"version-history":[{"count":120,"href":"http:\/\/old.wsap.com.pl\/index.php?rest_route=\/wp\/v2\/pages\/1476\/revisions"}],"predecessor-version":[{"id":9659,"href":"http:\/\/old.wsap.com.pl\/index.php?rest_route=\/wp\/v2\/pages\/1476\/revisions\/9659"}],"wp:attachment":[{"href":"http:\/\/old.wsap.com.pl\/index.php?rest_route=%2Fwp%2Fv2%2Fmedia&parent=1476"}],"curies":[{"name":"wp","href":"https:\/\/api.w.org\/{rel}","templated":true}]}}