{"id":1803,"date":"2020-03-23T11:55:20","date_gmt":"2020-03-23T11:55:20","guid":{"rendered":"http:\/\/old.wsap.com.pl\/?page_id=1803"},"modified":"2023-10-10T11:28:43","modified_gmt":"2023-10-10T09:28:43","slug":"pelnomocnicy-rektora","status":"publish","type":"page","link":"http:\/\/old.wsap.com.pl\/?page_id=1803","title":{"rendered":"Pe\u0142nomocnicy Rektora"},"content":{"rendered":"\t\t<div data-elementor-type=\"wp-page\" data-elementor-id=\"1803\" class=\"elementor elementor-1803\">\n\t\t\t\t\t\t<div class=\"elementor-inner\">\n\t\t\t\t<div class=\"elementor-section-wrap\">\n\t\t\t\t\t\t\t\t\t<section class=\"elementor-section elementor-top-section elementor-element elementor-element-162a21a elementor-section-boxed elementor-section-height-default elementor-section-height-default\" data-id=\"162a21a\" data-element_type=\"section\">\n\t\t\t\t\t\t<div class=\"elementor-container elementor-column-gap-default\">\n\t\t\t\t\t\t\t<div class=\"elementor-row\">\n\t\t\t\t\t<div class=\"elementor-column elementor-col-100 elementor-top-column elementor-element elementor-element-949a783\" data-id=\"949a783\" data-element_type=\"column\">\n\t\t\t<div class=\"elementor-column-wrap elementor-element-populated\">\n\t\t\t\t\t\t\t<div class=\"elementor-widget-wrap\">\n\t\t\t\t\t\t<div class=\"elementor-element elementor-element-309ae21 elementor-widget elementor-widget-spacer\" data-id=\"309ae21\" data-element_type=\"widget\" data-widget_type=\"spacer.default\">\n\t\t\t\t<div class=\"elementor-widget-container\">\n\t\t\t\t\t<div class=\"elementor-spacer\">\n\t\t\t<div class=\"elementor-spacer-inner\"><\/div>\n\t\t<\/div>\n\t\t\t\t<\/div>\n\t\t\t\t<\/div>\n\t\t\t\t<div class=\"elementor-element elementor-element-aa497c5 elementor-widget elementor-widget-heading\" data-id=\"aa497c5\" data-element_type=\"widget\" data-widget_type=\"heading.default\">\n\t\t\t\t<div class=\"elementor-widget-container\">\n\t\t\t<h2 class=\"elementor-heading-title elementor-size-default\">Pe\u0142nomocnicy Rektora Wy\u017cszej Szko\u0142y Administracji Publicznej w Ostro\u0142\u0119ce<\/h2>\t\t<\/div>\n\t\t\t\t<\/div>\n\t\t\t\t\t\t<\/div>\n\t\t\t\t\t<\/div>\n\t\t<\/div>\n\t\t\t\t\t\t\t\t<\/div>\n\t\t\t\t\t<\/div>\n\t\t<\/section>\n\t\t\t\t<section class=\"elementor-section elementor-top-section elementor-element elementor-element-fd2ad8c elementor-section-boxed elementor-section-height-default elementor-section-height-default\" data-id=\"fd2ad8c\" data-element_type=\"section\">\n\t\t\t\t\t\t<div class=\"elementor-container elementor-column-gap-default\">\n\t\t\t\t\t\t\t<div class=\"elementor-row\">\n\t\t\t\t\t<div class=\"elementor-column elementor-col-100 elementor-top-column elementor-element elementor-element-b2b0b8f\" data-id=\"b2b0b8f\" data-element_type=\"column\">\n\t\t\t<div class=\"elementor-column-wrap elementor-element-populated\">\n\t\t\t\t\t\t\t<div class=\"elementor-widget-wrap\">\n\t\t\t\t\t\t<div class=\"elementor-element elementor-element-4526ae1 elementor-widget elementor-widget-spacer\" data-id=\"4526ae1\" data-element_type=\"widget\" data-widget_type=\"spacer.default\">\n\t\t\t\t<div class=\"elementor-widget-container\">\n\t\t\t\t\t<div class=\"elementor-spacer\">\n\t\t\t<div class=\"elementor-spacer-inner\"><\/div>\n\t\t<\/div>\n\t\t\t\t<\/div>\n\t\t\t\t<\/div>\n\t\t\t\t<div class=\"elementor-element elementor-element-29cefe5 elementor-widget-divider--view-line elementor-widget elementor-widget-divider\" data-id=\"29cefe5\" data-element_type=\"widget\" data-widget_type=\"divider.default\">\n\t\t\t\t<div class=\"elementor-widget-container\">\n\t\t\t\t\t<div class=\"elementor-divider\">\n\t\t\t<span class=\"elementor-divider-separator\">\n\t\t\t\t\t\t<\/span>\n\t\t<\/div>\n\t\t\t\t<\/div>\n\t\t\t\t<\/div>\n\t\t\t\t<div class=\"elementor-element elementor-element-62d7631 elementor-widget-divider--view-line elementor-widget elementor-widget-divider\" data-id=\"62d7631\" data-element_type=\"widget\" data-widget_type=\"divider.default\">\n\t\t\t\t<div class=\"elementor-widget-container\">\n\t\t\t\t\t<div class=\"elementor-divider\">\n\t\t\t<span class=\"elementor-divider-separator\">\n\t\t\t\t\t\t<\/span>\n\t\t<\/div>\n\t\t\t\t<\/div>\n\t\t\t\t<\/div>\n\t\t\t\t\t\t<\/div>\n\t\t\t\t\t<\/div>\n\t\t<\/div>\n\t\t\t\t\t\t\t\t<\/div>\n\t\t\t\t\t<\/div>\n\t\t<\/section>\n\t\t\t\t<section class=\"elementor-section elementor-top-section elementor-element elementor-element-09f23f2 elementor-section-boxed elementor-section-height-default elementor-section-height-default\" data-id=\"09f23f2\" data-element_type=\"section\">\n\t\t\t\t\t\t<div class=\"elementor-container elementor-column-gap-default\">\n\t\t\t\t\t\t\t<div class=\"elementor-row\">\n\t\t\t\t\t<div class=\"elementor-column elementor-col-100 elementor-top-column elementor-element elementor-element-d30a957\" data-id=\"d30a957\" data-element_type=\"column\">\n\t\t\t<div class=\"elementor-column-wrap elementor-element-populated\">\n\t\t\t\t\t\t\t<div class=\"elementor-widget-wrap\">\n\t\t\t\t\t\t<section class=\"elementor-section elementor-inner-section elementor-element elementor-element-066393b elementor-section-boxed elementor-section-height-default elementor-section-height-default\" data-id=\"066393b\" data-element_type=\"section\">\n\t\t\t\t\t\t<div class=\"elementor-container elementor-column-gap-default\">\n\t\t\t\t\t\t\t<div class=\"elementor-row\">\n\t\t\t\t\t<div class=\"elementor-column elementor-col-50 elementor-inner-column elementor-element elementor-element-c823823\" data-id=\"c823823\" data-element_type=\"column\">\n\t\t\t<div class=\"elementor-column-wrap elementor-element-populated\">\n\t\t\t\t\t\t\t<div class=\"elementor-widget-wrap\">\n\t\t\t\t\t\t<div class=\"elementor-element elementor-element-b27d8b3 elementor-invisible elementor-widget elementor-widget-text-editor\" data-id=\"b27d8b3\" data-element_type=\"widget\" data-settings=\"{&quot;_animation&quot;:&quot;fadeInUp&quot;}\" data-widget_type=\"text-editor.default\">\n\t\t\t\t<div class=\"elementor-widget-container\">\n\t\t\t\t\t\t\t\t<div class=\"elementor-text-editor elementor-clearfix\">\n\t\t\t\t<p>1. Pe\u0142nomocnik Rektora ds. przeciwdzia\u0142ania dyskryminacji, mobbingowi i molestowaniu seksualnemu pracownik\u00f3w i student\u00f3w w Wy\u017cszej Szkole Administracji Publicznej w Ostro\u0142\u0119ce\u00a0<\/p><p style=\"text-align: right;\"><em><strong>&#8211; dr Daniel Ma\u0142dachowski\u00a0<\/strong><\/em><\/p><p>2. Pe\u0142nomocnik Rektora ds. przeciwdzia\u0142ania korupcji w Wy\u017cszej Szkole Administracji Publicznej w Ostro\u0142\u0119ce<\/p><p style=\"text-align: right;\">\u2013 <em><strong>dr Daniel Ma\u0142dachowski<\/strong><\/em><\/p><p style=\"text-align: right;\">\u00a0<\/p>\t\t\t\t\t<\/div>\n\t\t\t\t\t\t<\/div>\n\t\t\t\t<\/div>\n\t\t\t\t\t\t<\/div>\n\t\t\t\t\t<\/div>\n\t\t<\/div>\n\t\t\t\t<div class=\"elementor-column elementor-col-50 elementor-inner-column elementor-element elementor-element-e72b985\" data-id=\"e72b985\" data-element_type=\"column\">\n\t\t\t<div class=\"elementor-column-wrap elementor-element-populated\">\n\t\t\t\t\t\t\t<div class=\"elementor-widget-wrap\">\n\t\t\t\t\t\t<div class=\"elementor-element elementor-element-a90c0a0 elementor-widget elementor-widget-text-editor\" data-id=\"a90c0a0\" data-element_type=\"widget\" data-widget_type=\"text-editor.default\">\n\t\t\t\t<div class=\"elementor-widget-container\">\n\t\t\t\t\t\t\t\t<div class=\"elementor-text-editor elementor-clearfix\">\n\t\t\t\t<p><em>\u00a0<\/em><\/p><p><em>\u00a0<\/em><\/p><p><em><strong><a href=\"mailto:d.maldachowski@old.wsap.com.pl\"><img loading=\"lazy\" decoding=\"async\" src=\"http:\/\/old.wsap.com.pl\/wp-content\/uploads\/2020\/03\/email-e1585062231854.jpg\" alt=\"\" width=\"50\" height=\"39\" \/><\/a><\/strong><\/em><\/p><p><em>\u00a0<\/em><\/p><p><em>\u00a0<\/em><em><strong><a href=\"mailto:d.maldachowski@old.wsap.com.pl\"><img loading=\"lazy\" decoding=\"async\" src=\"http:\/\/old.wsap.com.pl\/wp-content\/uploads\/2020\/03\/email-e1585062231854.jpg\" alt=\"\" width=\"50\" height=\"39\" \/><\/a><\/strong><\/em><\/p><p><em>\u00a0<\/em><\/p>\t\t\t\t\t<\/div>\n\t\t\t\t\t\t<\/div>\n\t\t\t\t<\/div>\n\t\t\t\t\t\t<\/div>\n\t\t\t\t\t<\/div>\n\t\t<\/div>\n\t\t\t\t\t\t\t\t<\/div>\n\t\t\t\t\t<\/div>\n\t\t<\/section>\n\t\t\t\t\t\t<\/div>\n\t\t\t\t\t<\/div>\n\t\t<\/div>\n\t\t\t\t\t\t\t\t<\/div>\n\t\t\t\t\t<\/div>\n\t\t<\/section>\n\t\t\t\t<section class=\"elementor-section elementor-top-section elementor-element elementor-element-f0de9b4 elementor-section-boxed elementor-section-height-default elementor-section-height-default\" data-id=\"f0de9b4\" data-element_type=\"section\">\n\t\t\t\t\t\t<div class=\"elementor-container elementor-column-gap-default\">\n\t\t\t\t\t\t\t<div class=\"elementor-row\">\n\t\t\t\t\t<div class=\"elementor-column elementor-col-100 elementor-top-column elementor-element elementor-element-d771012\" data-id=\"d771012\" data-element_type=\"column\">\n\t\t\t<div class=\"elementor-column-wrap elementor-element-populated\">\n\t\t\t\t\t\t\t<div class=\"elementor-widget-wrap\">\n\t\t\t\t\t\t<section class=\"elementor-section elementor-inner-section elementor-element elementor-element-e8581b9 elementor-section-boxed elementor-section-height-default elementor-section-height-default\" data-id=\"e8581b9\" data-element_type=\"section\">\n\t\t\t\t\t\t<div class=\"elementor-container elementor-column-gap-default\">\n\t\t\t\t\t\t\t<div class=\"elementor-row\">\n\t\t\t\t\t<div class=\"elementor-column elementor-col-50 elementor-inner-column elementor-element elementor-element-451822f\" data-id=\"451822f\" data-element_type=\"column\">\n\t\t\t<div class=\"elementor-column-wrap elementor-element-populated\">\n\t\t\t\t\t\t\t<div class=\"elementor-widget-wrap\">\n\t\t\t\t\t\t<div class=\"elementor-element elementor-element-4b8f638 elementor-invisible elementor-widget elementor-widget-text-editor\" data-id=\"4b8f638\" data-element_type=\"widget\" data-settings=\"{&quot;_animation&quot;:&quot;fadeInUp&quot;}\" data-widget_type=\"text-editor.default\">\n\t\t\t\t<div class=\"elementor-widget-container\">\n\t\t\t\t\t\t\t\t<div class=\"elementor-text-editor elementor-clearfix\">\n\t\t\t\t<p>3. Pe\u0142nomocnik Rektora ds. student\u00f3w z niepe\u0142nosprawno\u015bci\u0105\u00a0<\/p><p style=\"text-align: right;\">\u2013 <em><strong>mgr Justyna Modzelewska<\/strong><\/em><\/p><p>4. Pe\u0142nomocnik Rektora ds. wsp\u00f3\u0142pracy mi\u0119dzynarodowej<\/p><p style=\"text-align: right;\">\u2013 <em><strong>\u00a0dr \u0141ukasz Radwanowicz<\/strong><\/em><\/p><p>5.<\/p><p>Pe\u0142nomocnik Rektora ds. praktyk zawodowych w Wy\u017cszej Szkole Administracji Publicznej w Ostro\u0142\u0119ce<\/p><p style=\"text-align: right;\"><strong>mgr Jadwiga Sadoska<\/strong><\/p>\t\t\t\t\t<\/div>\n\t\t\t\t\t\t<\/div>\n\t\t\t\t<\/div>\n\t\t\t\t\t\t<\/div>\n\t\t\t\t\t<\/div>\n\t\t<\/div>\n\t\t\t\t<div class=\"elementor-column elementor-col-50 elementor-inner-column elementor-element elementor-element-c91668c\" data-id=\"c91668c\" data-element_type=\"column\">\n\t\t\t<div class=\"elementor-column-wrap elementor-element-populated\">\n\t\t\t\t\t\t\t<div class=\"elementor-widget-wrap\">\n\t\t\t\t\t\t<div class=\"elementor-element elementor-element-841d9bf elementor-widget elementor-widget-text-editor\" data-id=\"841d9bf\" data-element_type=\"widget\" data-widget_type=\"text-editor.default\">\n\t\t\t\t<div class=\"elementor-widget-container\">\n\t\t\t\t\t\t\t\t<div class=\"elementor-text-editor elementor-clearfix\">\n\t\t\t\t<p><em><strong><a href=\"mailto:t.smialek@old.wsap.com.pl\"><img loading=\"lazy\" decoding=\"async\" class=\"alignnone size-full wp-image-1828\" src=\"http:\/\/old.wsap.com.pl\/wp-content\/uploads\/2020\/03\/email-e1585062231854.jpg\" alt=\"\" width=\"50\" height=\"39\" \/><\/a><\/strong><\/em><\/p><p>\u00a0<\/p><p>\u00a0<\/p><p><em><strong><a href=\"mailto:l.radwanowicz@old.wsap.com.pl\"><img loading=\"lazy\" decoding=\"async\" class=\"alignnone size-full wp-image-1828\" src=\"http:\/\/old.wsap.com.pl\/wp-content\/uploads\/2020\/03\/email-e1585062231854.jpg\" alt=\"\" width=\"50\" height=\"39\" \/><\/a><\/strong><\/em><\/p><p>\u00a0<\/p><p>\u00a0<\/p><p><em><strong><a href=\"mailto:kierownik_dziekanatu@old.wsap.com.pl\"><img loading=\"lazy\" decoding=\"async\" class=\"alignnone size-full wp-image-1828\" src=\"http:\/\/old.wsap.com.pl\/wp-content\/uploads\/2020\/03\/email-e1585062231854.jpg\" alt=\"\" width=\"50\" height=\"39\" \/><\/a><\/strong><\/em><\/p>\t\t\t\t\t<\/div>\n\t\t\t\t\t\t<\/div>\n\t\t\t\t<\/div>\n\t\t\t\t\t\t<\/div>\n\t\t\t\t\t<\/div>\n\t\t<\/div>\n\t\t\t\t\t\t\t\t<\/div>\n\t\t\t\t\t<\/div>\n\t\t<\/section>\n\t\t\t\t\t\t<\/div>\n\t\t\t\t\t<\/div>\n\t\t<\/div>\n\t\t\t\t\t\t\t\t<\/div>\n\t\t\t\t\t<\/div>\n\t\t<\/section>\n\t\t\t\t\t\t\t\t\t<\/div>\n\t\t\t<\/div>\n\t\t\t\t\t<\/div>\n\t\t","protected":false},"excerpt":{"rendered":"<p>Pe\u0142nomocnicy Rektora Wy\u017cszej Szko\u0142y Administracji Publicznej w Ostro\u0142\u0119ce 1. Pe\u0142nomocnik Rektora ds. przeciwdzia\u0142ania dyskryminacji, mobbingowi i molestowaniu seksualnemu pracownik\u00f3w i student\u00f3w w Wy\u017cszej Szkole Administracji Publicznej w Ostro\u0142\u0119ce\u00a0 &#8211; dr Daniel Ma\u0142dachowski\u00a0 2. Pe\u0142nomocnik Rektora ds. przeciwdzia\u0142ania korupcji w Wy\u017cszej Szkole Administracji Publicznej w Ostro\u0142\u0119ce \u2013 dr Daniel Ma\u0142dachowski \u00a0 \u00a0 \u00a0 \u00a0 \u00a0 \u00a0 [&hellip;]<\/p>\n","protected":false},"author":3,"featured_media":0,"parent":0,"menu_order":0,"comment_status":"closed","ping_status":"closed","template":"","meta":{"footnotes":""},"class_list":["post-1803","page","type-page","status-publish","hentry","entry"],"_links":{"self":[{"href":"http:\/\/old.wsap.com.pl\/index.php?rest_route=\/wp\/v2\/pages\/1803"}],"collection":[{"href":"http:\/\/old.wsap.com.pl\/index.php?rest_route=\/wp\/v2\/pages"}],"about":[{"href":"http:\/\/old.wsap.com.pl\/index.php?rest_route=\/wp\/v2\/types\/page"}],"author":[{"embeddable":true,"href":"http:\/\/old.wsap.com.pl\/index.php?rest_route=\/wp\/v2\/users\/3"}],"replies":[{"embeddable":true,"href":"http:\/\/old.wsap.com.pl\/index.php?rest_route=%2Fwp%2Fv2%2Fcomments&post=1803"}],"version-history":[{"count":50,"href":"http:\/\/old.wsap.com.pl\/index.php?rest_route=\/wp\/v2\/pages\/1803\/revisions"}],"predecessor-version":[{"id":7201,"href":"http:\/\/old.wsap.com.pl\/index.php?rest_route=\/wp\/v2\/pages\/1803\/revisions\/7201"}],"wp:attachment":[{"href":"http:\/\/old.wsap.com.pl\/index.php?rest_route=%2Fwp%2Fv2%2Fmedia&parent=1803"}],"curies":[{"name":"wp","href":"https:\/\/api.w.org\/{rel}","templated":true}]}}