{"id":2014,"date":"2020-04-09T05:37:24","date_gmt":"2020-04-09T05:37:24","guid":{"rendered":"http:\/\/old.wsap.com.pl\/?page_id=2014"},"modified":"2021-04-26T10:43:23","modified_gmt":"2021-04-26T08:43:23","slug":"pomoc-materialna-stypendia","status":"publish","type":"page","link":"http:\/\/old.wsap.com.pl\/?page_id=2014","title":{"rendered":"Pomoc materialna &#8211; stypendia"},"content":{"rendered":"\t\t<div data-elementor-type=\"wp-page\" data-elementor-id=\"2014\" class=\"elementor elementor-2014\">\n\t\t\t\t\t\t<div class=\"elementor-inner\">\n\t\t\t\t<div class=\"elementor-section-wrap\">\n\t\t\t\t\t\t\t\t\t<section class=\"elementor-section elementor-top-section elementor-element elementor-element-8d1ea62 elementor-section-boxed elementor-section-height-default elementor-section-height-default\" data-id=\"8d1ea62\" data-element_type=\"section\">\n\t\t\t\t\t\t<div class=\"elementor-container elementor-column-gap-default\">\n\t\t\t\t\t\t\t<div class=\"elementor-row\">\n\t\t\t\t\t<div class=\"elementor-column elementor-col-100 elementor-top-column elementor-element elementor-element-b5ecf3e\" data-id=\"b5ecf3e\" data-element_type=\"column\">\n\t\t\t<div class=\"elementor-column-wrap elementor-element-populated\">\n\t\t\t\t\t\t\t<div class=\"elementor-widget-wrap\">\n\t\t\t\t\t\t<div class=\"elementor-element elementor-element-cbb2291 elementor-widget elementor-widget-text-editor\" data-id=\"cbb2291\" data-element_type=\"widget\" data-widget_type=\"text-editor.default\">\n\t\t\t\t<div class=\"elementor-widget-container\">\n\t\t\t\t\t\t\t\t<div class=\"elementor-text-editor elementor-clearfix\">\n\t\t\t\t<p style=\"text-align: center;\"><strong><span style=\"color: #b51919;\">Ka\u017cdy \u00a0student Wy\u017cszej Szko\u0142y Administracji Publicznej w Ostro\u0142\u0119ce <br \/>mo\u017ce ubiega\u0107 si\u0119 o przyznanie stypendium.<\/span><\/strong><\/p><p style=\"text-align: center;\"><span style=\"color: #000080;\"><strong>W naszej Uczelni funkcjonuje szeroko rozbudowany system pomocy materialnej dla student\u00f3w, w ramach kt\u00f3rego przyznawane s\u0105 nast\u0119puj\u0105ce \u015bwiadczenia:<\/strong><\/span><\/p><ul><li style=\"text-align: left;\"><a href=\"http:\/\/old.wsap.com.pl\/informacja-o-stypendium-socjalnym\/\"><span style=\"color: #000080;\"><strong>\u00a0<\/strong><strong style=\"text-align: center;\">stypendia socjaln<span style=\"color: #000080;\">e<\/span><span style=\"color: #000080;\">,<\/span><\/strong><\/span><\/a><\/li><li style=\"text-align: left;\"><a href=\"http:\/\/old.wsap.com.pl\/informacja-o-stypendium-dla-osob-niepelnosprawnych\/\"><span style=\"color: #000080;\"><strong>stypendia dla os\u00f3b niepe\u0142nosprawnych,<\/strong><\/span><\/a><\/li><li style=\"text-align: left;\"><a href=\"http:\/\/old.wsap.com.pl\/informacja-o-stypendium-rektora\/\"><span style=\"color: #000080;\"><strong>stypendia rektora,<\/strong><\/span><\/a><\/li><li style=\"text-align: left;\"><a href=\"http:\/\/old.wsap.com.pl\/informacja-o-zapomogach\/\"><span style=\"color: #000080;\"><strong>zapomogi<\/strong><\/span><\/a><\/li><\/ul><div style=\"text-align: center;\"><p><em><span style=\"color: #ff0000;\"><strong>Jeden student mo\u017ce jednocze\u015bnie skorzysta\u0107 ze wszystkich wymienionych form stypendi\u00f3w, <\/strong><\/span><\/em><\/p><p><em><span style=\"color: #ff0000;\"><strong>a \u0142\u0105czna ich wysoko\u015b\u0107 do wyp\u0142aty miesi\u0119cznie mo\u017ce wynie\u015b\u0107 nawet<br \/><u>do 2.400 z\u0142otych<\/u>.<\/strong><\/span><\/em><\/p><\/div><p><em><span style=\"color: #ff0000;\"><strong>\u00a0<\/strong><\/span><\/em><\/p>\t\t\t\t\t<\/div>\n\t\t\t\t\t\t<\/div>\n\t\t\t\t<\/div>\n\t\t\t\t<div class=\"elementor-element elementor-element-0efebfc elementor-button-info elementor-align-center elementor-widget elementor-widget-button\" data-id=\"0efebfc\" data-element_type=\"widget\" data-widget_type=\"button.default\">\n\t\t\t\t<div class=\"elementor-widget-container\">\n\t\t\t\t\t<div class=\"elementor-button-wrapper\">\n\t\t\t<a href=\"http:\/\/old.wsap.com.pl\/stypendia\/\" class=\"elementor-button-link elementor-button elementor-size-xl\" role=\"button\">\n\t\t\t\t\t\t<span class=\"elementor-button-content-wrapper\">\n\t\t\t\t\t\t<span class=\"elementor-button-text\">Zarz\u0105dzenia i informacje dotycz\u0105ce stypendi\u00f3w<\/span>\n\t\t<\/span>\n\t\t\t\t\t<\/a>\n\t\t<\/div>\n\t\t\t\t<\/div>\n\t\t\t\t<\/div>\n\t\t\t\t\t\t<\/div>\n\t\t\t\t\t<\/div>\n\t\t<\/div>\n\t\t\t\t\t\t\t\t<\/div>\n\t\t\t\t\t<\/div>\n\t\t<\/section>\n\t\t\t\t<section class=\"elementor-section elementor-top-section elementor-element elementor-element-41a3033 elementor-section-boxed elementor-section-height-default elementor-section-height-default\" data-id=\"41a3033\" data-element_type=\"section\">\n\t\t\t\t\t\t<div class=\"elementor-container elementor-column-gap-default\">\n\t\t\t\t\t\t\t<div class=\"elementor-row\">\n\t\t\t\t\t<div class=\"elementor-column elementor-col-100 elementor-top-column elementor-element elementor-element-41e8aaf\" data-id=\"41e8aaf\" data-element_type=\"column\">\n\t\t\t<div class=\"elementor-column-wrap\">\n\t\t\t\t\t\t\t<div class=\"elementor-widget-wrap\">\n\t\t\t\t\t\t\t\t<\/div>\n\t\t\t\t\t<\/div>\n\t\t<\/div>\n\t\t\t\t\t\t\t\t<\/div>\n\t\t\t\t\t<\/div>\n\t\t<\/section>\n\t\t\t\t\t\t\t\t\t<\/div>\n\t\t\t<\/div>\n\t\t\t\t\t<\/div>\n\t\t","protected":false},"excerpt":{"rendered":"<p>Ka\u017cdy \u00a0student Wy\u017cszej Szko\u0142y Administracji Publicznej w Ostro\u0142\u0119ce mo\u017ce ubiega\u0107 si\u0119 o przyznanie stypendium. W naszej Uczelni funkcjonuje szeroko rozbudowany system pomocy materialnej dla student\u00f3w, w ramach kt\u00f3rego przyznawane s\u0105 nast\u0119puj\u0105ce \u015bwiadczenia: \u00a0stypendia socjalne, stypendia dla os\u00f3b niepe\u0142nosprawnych, stypendia rektora, zapomogi Jeden student mo\u017ce jednocze\u015bnie skorzysta\u0107 ze wszystkich wymienionych form stypendi\u00f3w, a \u0142\u0105czna ich wysoko\u015b\u0107 [&hellip;]<\/p>\n","protected":false},"author":3,"featured_media":0,"parent":0,"menu_order":0,"comment_status":"closed","ping_status":"closed","template":"","meta":{"footnotes":""},"class_list":["post-2014","page","type-page","status-publish","hentry","entry"],"_links":{"self":[{"href":"http:\/\/old.wsap.com.pl\/index.php?rest_route=\/wp\/v2\/pages\/2014"}],"collection":[{"href":"http:\/\/old.wsap.com.pl\/index.php?rest_route=\/wp\/v2\/pages"}],"about":[{"href":"http:\/\/old.wsap.com.pl\/index.php?rest_route=\/wp\/v2\/types\/page"}],"author":[{"embeddable":true,"href":"http:\/\/old.wsap.com.pl\/index.php?rest_route=\/wp\/v2\/users\/3"}],"replies":[{"embeddable":true,"href":"http:\/\/old.wsap.com.pl\/index.php?rest_route=%2Fwp%2Fv2%2Fcomments&post=2014"}],"version-history":[{"count":23,"href":"http:\/\/old.wsap.com.pl\/index.php?rest_route=\/wp\/v2\/pages\/2014\/revisions"}],"predecessor-version":[{"id":3602,"href":"http:\/\/old.wsap.com.pl\/index.php?rest_route=\/wp\/v2\/pages\/2014\/revisions\/3602"}],"wp:attachment":[{"href":"http:\/\/old.wsap.com.pl\/index.php?rest_route=%2Fwp%2Fv2%2Fmedia&parent=2014"}],"curies":[{"name":"wp","href":"https:\/\/api.w.org\/{rel}","templated":true}]}}