{"id":2018,"date":"2020-04-09T05:38:11","date_gmt":"2020-04-09T05:38:11","guid":{"rendered":"http:\/\/old.wsap.com.pl\/?page_id=2018"},"modified":"2020-04-14T09:14:22","modified_gmt":"2020-04-14T09:14:22","slug":"noclegi-dla-studentow","status":"publish","type":"page","link":"http:\/\/old.wsap.com.pl\/?page_id=2018","title":{"rendered":"Noclegi dla student\u00f3w"},"content":{"rendered":"\t\t<div data-elementor-type=\"wp-page\" data-elementor-id=\"2018\" class=\"elementor elementor-2018\">\n\t\t\t\t\t\t<div class=\"elementor-inner\">\n\t\t\t\t<div class=\"elementor-section-wrap\">\n\t\t\t\t\t\t\t\t\t<section class=\"elementor-section elementor-top-section elementor-element elementor-element-9baab70 elementor-section-boxed elementor-section-height-default elementor-section-height-default\" data-id=\"9baab70\" data-element_type=\"section\">\n\t\t\t\t\t\t<div class=\"elementor-container elementor-column-gap-default\">\n\t\t\t\t\t\t\t<div class=\"elementor-row\">\n\t\t\t\t\t<div class=\"elementor-column elementor-col-100 elementor-top-column elementor-element elementor-element-6473009\" data-id=\"6473009\" data-element_type=\"column\">\n\t\t\t<div class=\"elementor-column-wrap elementor-element-populated\">\n\t\t\t\t\t\t\t<div class=\"elementor-widget-wrap\">\n\t\t\t\t\t\t<div class=\"elementor-element elementor-element-903b34d elementor-widget elementor-widget-text-editor\" data-id=\"903b34d\" data-element_type=\"widget\" data-widget_type=\"text-editor.default\">\n\t\t\t\t<div class=\"elementor-widget-container\">\n\t\t\t\t\t\t\t\t<div class=\"elementor-text-editor elementor-clearfix\">\n\t\t\t\t<p style=\"text-align: center;\"><span style=\"color: #000080;\"><strong>&#8222;Pokoje Go\u015bcinne WSAP&#8221;<\/strong><\/span><\/p><p style=\"text-align: center;\"><span style=\"color: #000080;\">Nasi Studenci maj\u0105 do \u00a0dyspozycji w atrakcyjnej cenie <span style=\"color: #b80f0f;\">(50 % zni\u017cki dla wszystkich student\u00f3w) <\/span>\u00a0komfortowo wyposa\u017cone pokoje, w tym <strong>jedno, dwu i trzyosobowe oraz apartamenty. <\/strong><\/span><\/p><p style=\"text-align: center;\"><span style=\"color: #000080;\">Styl i wyposa\u017cenie naszych pokoi nawi\u0105zuje do og\u00f3lnego charakteru budynku i stanowi idealne po\u0142\u0105czenie luksusu i komfortu. <\/span><span style=\"color: #000080;\">Dbamy zar\u00f3wno o wygod\u0119, jak i bezpiecze\u0144stwo naszych go\u015bci,\u00a0 dlatego obiekt\u00a0 \u00a0\u0142\u0105cznie\u00a0 \u00a0 \u00a0 <\/span><span style=\"color: #000080;\">z parkingami jest monitorowany. <\/span><\/p><p style=\"text-align: center;\"><span style=\"color: #000080;\">Ufamy, \u017ce nasi Studenci odnajd\u0105 tu \u00a0domow\u0105, przyjazn\u0105 atmosfer\u0119 po\u0142\u0105czon\u0105 z przys\u0142owiow\u0105 \u201epolsk\u0105 go\u015bcinno\u015bci\u0105\u201d.<\/span><\/p>\t\t\t\t\t<\/div>\n\t\t\t\t\t\t<\/div>\n\t\t\t\t<\/div>\n\t\t\t\t\t\t<\/div>\n\t\t\t\t\t<\/div>\n\t\t<\/div>\n\t\t\t\t\t\t\t\t<\/div>\n\t\t\t\t\t<\/div>\n\t\t<\/section>\n\t\t\t\t<section class=\"elementor-section elementor-top-section elementor-element elementor-element-cad387c elementor-section-boxed elementor-section-height-default elementor-section-height-default\" data-id=\"cad387c\" data-element_type=\"section\">\n\t\t\t\t\t\t<div class=\"elementor-container elementor-column-gap-default\">\n\t\t\t\t\t\t\t<div class=\"elementor-row\">\n\t\t\t\t\t<div class=\"elementor-column elementor-col-100 elementor-top-column elementor-element elementor-element-c06dec7\" data-id=\"c06dec7\" data-element_type=\"column\">\n\t\t\t<div class=\"elementor-column-wrap elementor-element-populated\">\n\t\t\t\t\t\t\t<div class=\"elementor-widget-wrap\">\n\t\t\t\t\t\t<div class=\"elementor-element elementor-element-d6acb1b elementor-widget elementor-widget-gallery\" data-id=\"d6acb1b\" data-element_type=\"widget\" data-settings=\"{&quot;gallery_layout&quot;:&quot;masonry&quot;,&quot;columns&quot;:3,&quot;gap&quot;:{&quot;unit&quot;:&quot;px&quot;,&quot;size&quot;:11,&quot;sizes&quot;:[]},&quot;lazyload&quot;:&quot;yes&quot;,&quot;columns_tablet&quot;:2,&quot;columns_mobile&quot;:1,&quot;gap_tablet&quot;:{&quot;unit&quot;:&quot;px&quot;,&quot;size&quot;:10,&quot;sizes&quot;:[]},&quot;gap_mobile&quot;:{&quot;unit&quot;:&quot;px&quot;,&quot;size&quot;:10,&quot;sizes&quot;:[]},&quot;link_to&quot;:&quot;file&quot;,&quot;overlay_background&quot;:&quot;yes&quot;,&quot;content_hover_animation&quot;:&quot;fade-in&quot;}\" data-widget_type=\"gallery.default\">\n\t\t\t\t<div class=\"elementor-widget-container\">\n\t\t\t\t\t<div class=\"elementor-gallery__container\">\n\t\t\t\t\t\t\t<a class=\"e-gallery-item elementor-gallery-item elementor-animated-content\" href=\"http:\/\/old.wsap.com.pl\/wp-content\/uploads\/2020\/03\/16.jpg\" data-elementor-open-lightbox=\"yes\" data-elementor-lightbox-slideshow=\"all-d6acb1b\" data-elementor-lightbox-title=\"16\" e-action-hash=\"#elementor-action%3Aaction%3Dlightbox%26settings%3DeyJpZCI6MTc5NiwidXJsIjoiaHR0cDpcL1wvb2xkLndzYXAuY29tLnBsXC93cC1jb250ZW50XC91cGxvYWRzXC8yMDIwXC8wM1wvMTYuanBnIiwic2xpZGVzaG93IjoiYWxsLWQ2YWNiMWIifQ%3D%3D\">\n\t\t\t\t\t<div class=\"e-gallery-image elementor-gallery-item__image\" data-thumbnail=\"http:\/\/old.wsap.com.pl\/wp-content\/uploads\/2020\/03\/16.jpg\" data-width=\"1024\" data-height=\"683\" alt=\"\" ><\/div>\n\t\t\t\t\t\t\t\t\t\t\t<div class=\"elementor-gallery-item__overlay\"><\/div>\n\t\t\t\t\t\t\t\t\t\t\t\t\t\t<\/a>\n\t\t\t\t\t\t\t<a class=\"e-gallery-item elementor-gallery-item elementor-animated-content\" href=\"http:\/\/old.wsap.com.pl\/wp-content\/uploads\/2020\/03\/5.jpg\" data-elementor-open-lightbox=\"yes\" data-elementor-lightbox-slideshow=\"all-d6acb1b\" data-elementor-lightbox-title=\"5\" e-action-hash=\"#elementor-action%3Aaction%3Dlightbox%26settings%3DeyJpZCI6MTc5MywidXJsIjoiaHR0cDpcL1wvb2xkLndzYXAuY29tLnBsXC93cC1jb250ZW50XC91cGxvYWRzXC8yMDIwXC8wM1wvNS5qcGciLCJzbGlkZXNob3ciOiJhbGwtZDZhY2IxYiJ9\">\n\t\t\t\t\t<div class=\"e-gallery-image elementor-gallery-item__image\" data-thumbnail=\"http:\/\/old.wsap.com.pl\/wp-content\/uploads\/2020\/03\/5.jpg\" data-width=\"1024\" data-height=\"683\" alt=\"\" ><\/div>\n\t\t\t\t\t\t\t\t\t\t\t<div class=\"elementor-gallery-item__overlay\"><\/div>\n\t\t\t\t\t\t\t\t\t\t\t\t\t\t<\/a>\n\t\t\t\t\t\t\t<a class=\"e-gallery-item elementor-gallery-item elementor-animated-content\" href=\"http:\/\/old.wsap.com.pl\/wp-content\/uploads\/2020\/03\/7.jpg\" data-elementor-open-lightbox=\"yes\" data-elementor-lightbox-slideshow=\"all-d6acb1b\" data-elementor-lightbox-title=\"7\" e-action-hash=\"#elementor-action%3Aaction%3Dlightbox%26settings%3DeyJpZCI6MTc5NCwidXJsIjoiaHR0cDpcL1wvb2xkLndzYXAuY29tLnBsXC93cC1jb250ZW50XC91cGxvYWRzXC8yMDIwXC8wM1wvNy5qcGciLCJzbGlkZXNob3ciOiJhbGwtZDZhY2IxYiJ9\">\n\t\t\t\t\t<div class=\"e-gallery-image elementor-gallery-item__image\" data-thumbnail=\"http:\/\/old.wsap.com.pl\/wp-content\/uploads\/2020\/03\/7.jpg\" data-width=\"1024\" data-height=\"683\" alt=\"\" ><\/div>\n\t\t\t\t\t\t\t\t\t\t\t<div class=\"elementor-gallery-item__overlay\"><\/div>\n\t\t\t\t\t\t\t\t\t\t\t\t\t\t<\/a>\n\t\t\t\t\t\t\t<a class=\"e-gallery-item elementor-gallery-item elementor-animated-content\" href=\"http:\/\/old.wsap.com.pl\/wp-content\/uploads\/2020\/03\/21.jpg\" data-elementor-open-lightbox=\"yes\" data-elementor-lightbox-slideshow=\"all-d6acb1b\" data-elementor-lightbox-title=\"21\" e-action-hash=\"#elementor-action%3Aaction%3Dlightbox%26settings%3DeyJpZCI6MTc5MiwidXJsIjoiaHR0cDpcL1wvb2xkLndzYXAuY29tLnBsXC93cC1jb250ZW50XC91cGxvYWRzXC8yMDIwXC8wM1wvMjEuanBnIiwic2xpZGVzaG93IjoiYWxsLWQ2YWNiMWIifQ%3D%3D\">\n\t\t\t\t\t<div class=\"e-gallery-image elementor-gallery-item__image\" data-thumbnail=\"http:\/\/old.wsap.com.pl\/wp-content\/uploads\/2020\/03\/21.jpg\" data-width=\"1024\" data-height=\"683\" alt=\"\" ><\/div>\n\t\t\t\t\t\t\t\t\t\t\t<div class=\"elementor-gallery-item__overlay\"><\/div>\n\t\t\t\t\t\t\t\t\t\t\t\t\t\t<\/a>\n\t\t\t\t\t\t\t<a class=\"e-gallery-item elementor-gallery-item elementor-animated-content\" href=\"http:\/\/old.wsap.com.pl\/wp-content\/uploads\/2020\/03\/13.jpg\" data-elementor-open-lightbox=\"yes\" data-elementor-lightbox-slideshow=\"all-d6acb1b\" data-elementor-lightbox-title=\"13\" e-action-hash=\"#elementor-action%3Aaction%3Dlightbox%26settings%3DeyJpZCI6MTc5NSwidXJsIjoiaHR0cDpcL1wvb2xkLndzYXAuY29tLnBsXC93cC1jb250ZW50XC91cGxvYWRzXC8yMDIwXC8wM1wvMTMuanBnIiwic2xpZGVzaG93IjoiYWxsLWQ2YWNiMWIifQ%3D%3D\">\n\t\t\t\t\t<div class=\"e-gallery-image elementor-gallery-item__image\" data-thumbnail=\"http:\/\/old.wsap.com.pl\/wp-content\/uploads\/2020\/03\/13.jpg\" data-width=\"1024\" data-height=\"683\" alt=\"\" ><\/div>\n\t\t\t\t\t\t\t\t\t\t\t<div class=\"elementor-gallery-item__overlay\"><\/div>\n\t\t\t\t\t\t\t\t\t\t\t\t\t\t<\/a>\n\t\t\t\t\t\t\t<a class=\"e-gallery-item elementor-gallery-item elementor-animated-content\" href=\"http:\/\/old.wsap.com.pl\/wp-content\/uploads\/2020\/03\/20.jpg\" data-elementor-open-lightbox=\"yes\" data-elementor-lightbox-slideshow=\"all-d6acb1b\" data-elementor-lightbox-title=\"20\" e-action-hash=\"#elementor-action%3Aaction%3Dlightbox%26settings%3DeyJpZCI6MTc5OCwidXJsIjoiaHR0cDpcL1wvb2xkLndzYXAuY29tLnBsXC93cC1jb250ZW50XC91cGxvYWRzXC8yMDIwXC8wM1wvMjAuanBnIiwic2xpZGVzaG93IjoiYWxsLWQ2YWNiMWIifQ%3D%3D\">\n\t\t\t\t\t<div class=\"e-gallery-image elementor-gallery-item__image\" data-thumbnail=\"http:\/\/old.wsap.com.pl\/wp-content\/uploads\/2020\/03\/20.jpg\" data-width=\"1024\" data-height=\"683\" alt=\"\" ><\/div>\n\t\t\t\t\t\t\t\t\t\t\t<div class=\"elementor-gallery-item__overlay\"><\/div>\n\t\t\t\t\t\t\t\t\t\t\t\t\t\t<\/a>\n\t\t\t\t\t<\/div>\n\t\t\t<\/div>\n\t\t\t\t<\/div>\n\t\t\t\t\t\t<\/div>\n\t\t\t\t\t<\/div>\n\t\t<\/div>\n\t\t\t\t\t\t\t\t<\/div>\n\t\t\t\t\t<\/div>\n\t\t<\/section>\n\t\t\t\t<section class=\"elementor-section elementor-top-section elementor-element elementor-element-d8f8080 elementor-section-boxed elementor-section-height-default elementor-section-height-default\" data-id=\"d8f8080\" data-element_type=\"section\">\n\t\t\t\t\t\t<div class=\"elementor-container elementor-column-gap-default\">\n\t\t\t\t\t\t\t<div class=\"elementor-row\">\n\t\t\t\t\t<div class=\"elementor-column elementor-col-100 elementor-top-column elementor-element elementor-element-33761ec\" data-id=\"33761ec\" data-element_type=\"column\">\n\t\t\t<div class=\"elementor-column-wrap elementor-element-populated\">\n\t\t\t\t\t\t\t<div class=\"elementor-widget-wrap\">\n\t\t\t\t\t\t<div class=\"elementor-element elementor-element-9223ada elementor-widget elementor-widget-image\" data-id=\"9223ada\" data-element_type=\"widget\" data-widget_type=\"image.default\">\n\t\t\t\t<div class=\"elementor-widget-container\">\n\t\t\t\t\t\t\t\t<div class=\"elementor-image\">\n\t\t\t\t\t\t\t\t\t\t\t\t<img loading=\"lazy\" decoding=\"async\" width=\"768\" height=\"512\" src=\"http:\/\/old.wsap.com.pl\/wp-content\/uploads\/2020\/03\/19-768x512.jpg\" class=\"attachment-medium_large size-medium_large\" alt=\"\" srcset=\"http:\/\/old.wsap.com.pl\/wp-content\/uploads\/2020\/03\/19-768x512.jpg 768w, http:\/\/old.wsap.com.pl\/wp-content\/uploads\/2020\/03\/19-300x200.jpg 300w, http:\/\/old.wsap.com.pl\/wp-content\/uploads\/2020\/03\/19.jpg 1024w\" sizes=\"(max-width: 768px) 100vw, 768px\" \/>\t\t\t\t\t\t\t\t\t\t\t\t\t\t<\/div>\n\t\t\t\t\t\t<\/div>\n\t\t\t\t<\/div>\n\t\t\t\t\t\t<\/div>\n\t\t\t\t\t<\/div>\n\t\t<\/div>\n\t\t\t\t\t\t\t\t<\/div>\n\t\t\t\t\t<\/div>\n\t\t<\/section>\n\t\t\t\t\t\t\t\t\t<\/div>\n\t\t\t<\/div>\n\t\t\t\t\t<\/div>\n\t\t","protected":false},"excerpt":{"rendered":"<p>&#8222;Pokoje Go\u015bcinne WSAP&#8221; Nasi Studenci maj\u0105 do \u00a0dyspozycji w atrakcyjnej cenie (50 % zni\u017cki dla wszystkich student\u00f3w) \u00a0komfortowo wyposa\u017cone pokoje, w tym jedno, dwu i trzyosobowe oraz apartamenty. Styl i wyposa\u017cenie naszych pokoi nawi\u0105zuje do og\u00f3lnego charakteru budynku i stanowi idealne po\u0142\u0105czenie luksusu i komfortu. Dbamy zar\u00f3wno o wygod\u0119, jak i bezpiecze\u0144stwo naszych go\u015bci,\u00a0 dlatego [&hellip;]<\/p>\n","protected":false},"author":3,"featured_media":0,"parent":0,"menu_order":0,"comment_status":"closed","ping_status":"closed","template":"","meta":{"footnotes":""},"class_list":["post-2018","page","type-page","status-publish","hentry","entry"],"_links":{"self":[{"href":"http:\/\/old.wsap.com.pl\/index.php?rest_route=\/wp\/v2\/pages\/2018"}],"collection":[{"href":"http:\/\/old.wsap.com.pl\/index.php?rest_route=\/wp\/v2\/pages"}],"about":[{"href":"http:\/\/old.wsap.com.pl\/index.php?rest_route=\/wp\/v2\/types\/page"}],"author":[{"embeddable":true,"href":"http:\/\/old.wsap.com.pl\/index.php?rest_route=\/wp\/v2\/users\/3"}],"replies":[{"embeddable":true,"href":"http:\/\/old.wsap.com.pl\/index.php?rest_route=%2Fwp%2Fv2%2Fcomments&post=2018"}],"version-history":[{"count":12,"href":"http:\/\/old.wsap.com.pl\/index.php?rest_route=\/wp\/v2\/pages\/2018\/revisions"}],"predecessor-version":[{"id":2161,"href":"http:\/\/old.wsap.com.pl\/index.php?rest_route=\/wp\/v2\/pages\/2018\/revisions\/2161"}],"wp:attachment":[{"href":"http:\/\/old.wsap.com.pl\/index.php?rest_route=%2Fwp%2Fv2%2Fmedia&parent=2018"}],"curies":[{"name":"wp","href":"https:\/\/api.w.org\/{rel}","templated":true}]}}