{"id":2186,"date":"2020-04-14T10:16:45","date_gmt":"2020-04-14T10:16:45","guid":{"rendered":"http:\/\/old.wsap.com.pl\/?page_id=2186"},"modified":"2020-04-14T10:31:26","modified_gmt":"2020-04-14T10:31:26","slug":"informacja-o-zapomogach","status":"publish","type":"page","link":"http:\/\/old.wsap.com.pl\/?page_id=2186","title":{"rendered":"Informacja o zapomogach"},"content":{"rendered":"\t\t<div data-elementor-type=\"wp-page\" data-elementor-id=\"2186\" class=\"elementor elementor-2186\">\n\t\t\t\t\t\t<div class=\"elementor-inner\">\n\t\t\t\t<div class=\"elementor-section-wrap\">\n\t\t\t\t\t\t\t\t\t<section class=\"elementor-section elementor-top-section elementor-element elementor-element-cf64e5e elementor-section-boxed elementor-section-height-default elementor-section-height-default\" data-id=\"cf64e5e\" data-element_type=\"section\">\n\t\t\t\t\t\t<div class=\"elementor-container elementor-column-gap-default\">\n\t\t\t\t\t\t\t<div class=\"elementor-row\">\n\t\t\t\t\t<div class=\"elementor-column elementor-col-100 elementor-top-column elementor-element elementor-element-b4c3bb4\" data-id=\"b4c3bb4\" data-element_type=\"column\">\n\t\t\t<div class=\"elementor-column-wrap elementor-element-populated\">\n\t\t\t\t\t\t\t<div class=\"elementor-widget-wrap\">\n\t\t\t\t\t\t<div class=\"elementor-element elementor-element-c06c937 elementor-widget elementor-widget-text-editor\" data-id=\"c06c937\" data-element_type=\"widget\" data-widget_type=\"text-editor.default\">\n\t\t\t\t<div class=\"elementor-widget-container\">\n\t\t\t\t\t\t\t\t<div class=\"elementor-text-editor elementor-clearfix\">\n\t\t\t\t<p>\u00a0<\/p><p>\u00a0<\/p><p>1. Zapomoga mo\u017ce by\u0107 przyznana na wniosek studenta, kt\u00f3ry znalaz\u0142 si\u0119 przej\u015bciowo w trudnej sytuacji \u017cyciowej; <br \/>2. przyznanie zapomogi mo\u017ce mie\u0107 miejsce w sytuacji, kt\u00f3ra powoduje naruszenie podstawowych potrzeb bytowych studenta, w szczeg\u00f3lno\u015bci zwi\u0105zanej z:<\/p><ul><li>nieszcz\u0119\u015bliwym wypadkiem studenta lub cz\u0142onka najbli\u017cszej rodziny,<\/li><li>ci\u0119\u017ck\u0105 chorob\u0105 studenta lub cz\u0142onka najbli\u017cszej rodziny,<\/li><li>\u015bmierci\u0105 cz\u0142onka najbli\u017cszej rodziny studenta (ojca, matk\u0119 brata, siostr\u0119, wsp\u00f3\u0142ma\u0142\u017conka, dziecko w\u0142asne),<\/li><li>innym zdarzeniem losowym.<\/li><\/ul><p>3. Wniosek o zapomog\u0119 student zobowi\u0105zany jest z\u0142o\u017cy\u0107 w roku akademickim, w kt\u00f3rym znalaz\u0142 si\u0119 przej\u015bciowo <br \/>w trudnej sytuacji \u017cyciowej oraz udokumentowa\u0107 go odpowiednimi dokumentami.<br \/>4. Zapomoga przys\u0142uguje nie cz\u0119\u015bciej ni\u017c raz w semestrze i nie mo\u017ce by\u0107 przyznana w oparciu o ten sam stan faktyczny.<\/p>\t\t\t\t\t<\/div>\n\t\t\t\t\t\t<\/div>\n\t\t\t\t<\/div>\n\t\t\t\t\t\t<\/div>\n\t\t\t\t\t<\/div>\n\t\t<\/div>\n\t\t\t\t\t\t\t\t<\/div>\n\t\t\t\t\t<\/div>\n\t\t<\/section>\n\t\t\t\t\t\t\t\t\t<\/div>\n\t\t\t<\/div>\n\t\t\t\t\t<\/div>\n\t\t","protected":false},"excerpt":{"rendered":"<p>\u00a0 \u00a0 1. Zapomoga mo\u017ce by\u0107 przyznana na wniosek studenta, kt\u00f3ry znalaz\u0142 si\u0119 przej\u015bciowo w trudnej sytuacji \u017cyciowej; 2. przyznanie zapomogi mo\u017ce mie\u0107 miejsce w sytuacji, kt\u00f3ra powoduje naruszenie podstawowych potrzeb bytowych studenta, w szczeg\u00f3lno\u015bci zwi\u0105zanej z: nieszcz\u0119\u015bliwym wypadkiem studenta lub cz\u0142onka najbli\u017cszej rodziny, ci\u0119\u017ck\u0105 chorob\u0105 studenta lub cz\u0142onka najbli\u017cszej rodziny, \u015bmierci\u0105 cz\u0142onka najbli\u017cszej rodziny [&hellip;]<\/p>\n","protected":false},"author":3,"featured_media":0,"parent":0,"menu_order":0,"comment_status":"closed","ping_status":"closed","template":"","meta":{"footnotes":""},"class_list":["post-2186","page","type-page","status-publish","hentry","entry"],"_links":{"self":[{"href":"http:\/\/old.wsap.com.pl\/index.php?rest_route=\/wp\/v2\/pages\/2186"}],"collection":[{"href":"http:\/\/old.wsap.com.pl\/index.php?rest_route=\/wp\/v2\/pages"}],"about":[{"href":"http:\/\/old.wsap.com.pl\/index.php?rest_route=\/wp\/v2\/types\/page"}],"author":[{"embeddable":true,"href":"http:\/\/old.wsap.com.pl\/index.php?rest_route=\/wp\/v2\/users\/3"}],"replies":[{"embeddable":true,"href":"http:\/\/old.wsap.com.pl\/index.php?rest_route=%2Fwp%2Fv2%2Fcomments&post=2186"}],"version-history":[{"count":2,"href":"http:\/\/old.wsap.com.pl\/index.php?rest_route=\/wp\/v2\/pages\/2186\/revisions"}],"predecessor-version":[{"id":2188,"href":"http:\/\/old.wsap.com.pl\/index.php?rest_route=\/wp\/v2\/pages\/2186\/revisions\/2188"}],"wp:attachment":[{"href":"http:\/\/old.wsap.com.pl\/index.php?rest_route=%2Fwp%2Fv2%2Fmedia&parent=2186"}],"curies":[{"name":"wp","href":"https:\/\/api.w.org\/{rel}","templated":true}]}}