{"id":2928,"date":"2020-08-12T13:15:37","date_gmt":"2020-08-12T11:15:37","guid":{"rendered":"http:\/\/old.wsap.com.pl\/?page_id=2928"},"modified":"2020-08-12T13:20:26","modified_gmt":"2020-08-12T11:20:26","slug":"kredyt-studencki","status":"publish","type":"page","link":"http:\/\/old.wsap.com.pl\/?page_id=2928","title":{"rendered":"Kredyt studencki"},"content":{"rendered":"\t\t<div data-elementor-type=\"wp-page\" data-elementor-id=\"2928\" class=\"elementor elementor-2928\">\n\t\t\t\t\t\t<div class=\"elementor-inner\">\n\t\t\t\t<div class=\"elementor-section-wrap\">\n\t\t\t\t\t\t\t\t\t<section class=\"elementor-section elementor-top-section elementor-element elementor-element-9c58146 elementor-section-boxed elementor-section-height-default elementor-section-height-default\" data-id=\"9c58146\" data-element_type=\"section\">\n\t\t\t\t\t\t<div class=\"elementor-container elementor-column-gap-default\">\n\t\t\t\t\t\t\t<div class=\"elementor-row\">\n\t\t\t\t\t<div class=\"elementor-column elementor-col-100 elementor-top-column elementor-element elementor-element-0358695\" data-id=\"0358695\" data-element_type=\"column\">\n\t\t\t<div class=\"elementor-column-wrap elementor-element-populated\">\n\t\t\t\t\t\t\t<div class=\"elementor-widget-wrap\">\n\t\t\t\t\t\t<div class=\"elementor-element elementor-element-7d7271c elementor-widget elementor-widget-text-editor\" data-id=\"7d7271c\" data-element_type=\"widget\" data-widget_type=\"text-editor.default\">\n\t\t\t\t<div class=\"elementor-widget-container\">\n\t\t\t\t\t\t\t\t<div class=\"elementor-text-editor elementor-clearfix\">\n\t\t\t\t<p><span style=\"color: #ff0000;\"><b>Kredyt studencki \u2013 tani i dost\u0119pny przez ca\u0142y rok<\/b><\/span><\/p><p>Przyznawany na preferencyjnych warunkach i dost\u0119pny przez ca\u0142y rok \u2013 to g\u0142\u00f3wne zalety kredytu studenckiego. Mo\u017cna si\u0119 o niego ubiega\u0107 niezale\u017cnie od innych otrzymywanych \u015bwiadcze\u0144 stypendialnych &#8211; wystarczy, \u017ce doch\u00f3d na osob\u0119 w rodzinie nie przekroczy w roku ubiegania si\u0119 o kredyt 3000 z\u0142. Procedura sk\u0142adania wniosku jest jednorazowa, a student b\u0119dzie otrzymywa\u0107 kredyt przez ca\u0142y okres studi\u00f3w.<\/p><p>Kredyt studencki jest udzielany przez wybrane <b>banki komercyjne<\/b>. Jego preferencyjne warunki s\u0105 mo\u017cliwe dzi\u0119ki dop\u0142atom z Funduszu Kredyt\u00f3w Studenckich finansowanym z bud\u017cetu pa\u0144stwa.<\/p><p><span style=\"color: #ff0000;\"><b>Ca\u0142y rok na decyzj\u0119!<\/b><\/span><\/p><p>O kredyt studencki mo\u017cna ubiega\u0107 si\u0119 przez ca\u0142y rok. Decyzja kredytowa powinna zapa\u015b\u0107 w ci\u0105gu 30 dni. O kredyt mo\u017ce si\u0119 ubiega\u0107 student do uko\u0144czenia 30 roku \u017cycia lub doktorant, kt\u00f3ry nie sko\u0144czy\u0142 35 lat. Wniosek o kredyt mo\u017ce sk\u0142ada\u0107 tak\u017ce osoba ubiegaj\u0105ca si\u0119 o studia, w\u00f3wczas wyp\u0142ata kredytu nast\u0105pi po uzyskaniu statusu studenta.<\/p><p><span style=\"color: #ff0000;\"><b>Kredyt studencki \u2013 ile i dla kogo?<\/b><\/span><\/p><p>O kredyt studencki mo\u017cna si\u0119 ubiega\u0107 niezale\u017cnie od innych otrzymywanych \u015bwiadcze\u0144 stypendialnych &#8211; wystarczy, \u017ce doch\u00f3d na osob\u0119 w rodzinie nie przekroczy w roku ubiegania si\u0119 o kredyt 3000 z\u0142. Kredyt mo\u017ce by\u0107 w ca\u0142o\u015bci por\u0119czony przez Bank Gospodarstwa Krajowego, a wi\u0119c student nie musi martwi\u0107 si\u0119 o to, czy dochody rodzic\u00f3w pozwol\u0105 na odpowiednie zabezpieczenie sp\u0142aty.<\/p><p>Student sam decyduje w jakiej wysoko\u015bci \u015brodki chce otrzymywa\u0107 z banku w czasie studiowania. Mo\u017cna wybra\u0107 kwot\u0119 od 400 z\u0142 do 1 000 z\u0142 miesi\u0119cznie. W trakcie pobierania kredytu student mo\u017ce dokona\u0107 zmiany wysoko\u015bci otrzymywanych \u015brodk\u00f3w, dostosowuj\u0105c je do aktualnych potrzeb.<\/p><p><span style=\"color: #ff0000;\"><b>Sp\u0142ata \u2013 dopiero po dw\u00f3ch latach po uko\u0144czeniu studi\u00f3w<\/b><\/span><\/p><p>Rozpocz\u0119cie sp\u0142aty nast\u0119puje dopiero dwa lata od uko\u0144czenia studi\u00f3w. Jest to czas na podj\u0119cie pracy po studiach i ustabilizowanie sytuacji finansowej.<\/p><p>Sp\u0142ata kredytu odbywa si\u0119 na bardzo korzystnych warunkach finansowych \u2013 odsetki wynosz\u0105 jedynie po\u0142ow\u0119 stopy redyskontowej weksli NBP, a okres sp\u0142aty rozk\u0142ada si\u0119 na okres dwukrotno\u015bci pobierania kredytu, a wi\u0119c miesi\u0119cznie absolwent sp\u0142aca po\u0142ow\u0119 tego co otrzymywa\u0142 miesi\u0119cznie na studiach! Przyk\u0142adowo student pobieraj\u0105cy miesi\u0119cznie 800 z\u0142, dwa lata po zako\u0144czeniu studi\u00f3w b\u0119dzie sp\u0142aca\u0142 oko\u0142o 400 z\u0142 miesi\u0119cznie.<\/p><p>Je\u017celi student uko\u0144czy studia w gronie 10% najlepszych student\u00f3w otrzyma obligatoryjne umorzenie nawet do 50% warto\u015bci kredytu!<\/p><p><span style=\"color: #ff0000;\"><b>Problem ze sp\u0142at\u0105 to nie problem<\/b><\/span><\/p><p>W przypadku trudno\u015bci ze sp\u0142at\u0105 kredytu przewidziane s\u0105 narz\u0119dzia odraczaj\u0105ce sp\u0142at\u0119 lub zmniejszaj\u0105ce wysoko\u015b\u0107 miesi\u0119cznej raty.<\/p><p>Je\u017celi trudna sytuacja \u017cyciowa b\u0119dzie uniemo\u017cliwia\u0142a sp\u0142at\u0119 kredytu, w\u00f3wczas Minister mo\u017ce umorzy\u0107 kredyt cz\u0119\u015bciowo, a szczeg\u00f3lnych przypadkach nawet w ca\u0142o\u015bci.<\/p>\t\t\t\t\t<\/div>\n\t\t\t\t\t\t<\/div>\n\t\t\t\t<\/div>\n\t\t\t\t\t\t<\/div>\n\t\t\t\t\t<\/div>\n\t\t<\/div>\n\t\t\t\t\t\t\t\t<\/div>\n\t\t\t\t\t<\/div>\n\t\t<\/section>\n\t\t\t\t\t\t\t\t\t<\/div>\n\t\t\t<\/div>\n\t\t\t\t\t<\/div>\n\t\t","protected":false},"excerpt":{"rendered":"<p>Kredyt studencki \u2013 tani i dost\u0119pny przez ca\u0142y rok Przyznawany na preferencyjnych warunkach i dost\u0119pny przez ca\u0142y rok \u2013 to g\u0142\u00f3wne zalety kredytu studenckiego. Mo\u017cna si\u0119 o niego ubiega\u0107 niezale\u017cnie od innych otrzymywanych \u015bwiadcze\u0144 stypendialnych &#8211; wystarczy, \u017ce doch\u00f3d na osob\u0119 w rodzinie nie przekroczy w roku ubiegania si\u0119 o kredyt 3000 z\u0142. Procedura sk\u0142adania [&hellip;]<\/p>\n","protected":false},"author":3,"featured_media":0,"parent":0,"menu_order":0,"comment_status":"closed","ping_status":"closed","template":"","meta":{"footnotes":""},"class_list":["post-2928","page","type-page","status-publish","hentry","entry"],"_links":{"self":[{"href":"http:\/\/old.wsap.com.pl\/index.php?rest_route=\/wp\/v2\/pages\/2928"}],"collection":[{"href":"http:\/\/old.wsap.com.pl\/index.php?rest_route=\/wp\/v2\/pages"}],"about":[{"href":"http:\/\/old.wsap.com.pl\/index.php?rest_route=\/wp\/v2\/types\/page"}],"author":[{"embeddable":true,"href":"http:\/\/old.wsap.com.pl\/index.php?rest_route=\/wp\/v2\/users\/3"}],"replies":[{"embeddable":true,"href":"http:\/\/old.wsap.com.pl\/index.php?rest_route=%2Fwp%2Fv2%2Fcomments&post=2928"}],"version-history":[{"count":4,"href":"http:\/\/old.wsap.com.pl\/index.php?rest_route=\/wp\/v2\/pages\/2928\/revisions"}],"predecessor-version":[{"id":2932,"href":"http:\/\/old.wsap.com.pl\/index.php?rest_route=\/wp\/v2\/pages\/2928\/revisions\/2932"}],"wp:attachment":[{"href":"http:\/\/old.wsap.com.pl\/index.php?rest_route=%2Fwp%2Fv2%2Fmedia&parent=2928"}],"curies":[{"name":"wp","href":"https:\/\/api.w.org\/{rel}","templated":true}]}}