{"id":840,"date":"2019-12-19T13:45:39","date_gmt":"2019-12-19T13:45:39","guid":{"rendered":"http:\/\/old.wsap.com.pl\/?page_id=840"},"modified":"2024-04-15T20:30:07","modified_gmt":"2024-04-15T18:30:07","slug":"kontakt","status":"publish","type":"page","link":"http:\/\/old.wsap.com.pl\/?page_id=840","title":{"rendered":"Kontakt"},"content":{"rendered":"\t\t<div data-elementor-type=\"wp-page\" data-elementor-id=\"840\" class=\"elementor elementor-840\">\n\t\t\t\t\t\t<div class=\"elementor-inner\">\n\t\t\t\t<div class=\"elementor-section-wrap\">\n\t\t\t\t\t\t\t\t\t<section class=\"elementor-section elementor-top-section elementor-element elementor-element-d215fcb elementor-section-full_width elementor-section-height-default elementor-section-height-default\" data-id=\"d215fcb\" data-element_type=\"section\">\n\t\t\t\t\t\t<div class=\"elementor-container elementor-column-gap-no\">\n\t\t\t\t\t\t\t<div class=\"elementor-row\">\n\t\t\t\t\t<div class=\"elementor-column elementor-col-100 elementor-top-column elementor-element elementor-element-dc57a9c\" data-id=\"dc57a9c\" data-element_type=\"column\">\n\t\t\t<div class=\"elementor-column-wrap elementor-element-populated\">\n\t\t\t\t\t\t\t<div class=\"elementor-widget-wrap\">\n\t\t\t\t\t\t<div class=\"elementor-element elementor-element-cb1cdf8 elementor-widget elementor-widget-google_maps\" data-id=\"cb1cdf8\" data-element_type=\"widget\" data-widget_type=\"google_maps.default\">\n\t\t\t\t<div class=\"elementor-widget-container\">\n\t\t\t\t\t<div class=\"elementor-custom-embed\">\n\t\t\t<iframe frameborder=\"0\" scrolling=\"no\" marginheight=\"0\" marginwidth=\"0\"\n\t\t\t\t\tsrc=\"https:\/\/maps.google.com\/maps?q=Wy%C5%BCsza%20Szko%C5%82a%20Administracji%20publicznej%20w%20ostro%C5%82%C4%99ce&#038;t=m&#038;z=14&#038;output=embed&#038;iwloc=near\"\n\t\t\t\t\ttitle=\"Wy\u017csza Szko\u0142a Administracji publicznej w ostro\u0142\u0119ce\"\n\t\t\t\t\taria-label=\"Wy\u017csza Szko\u0142a Administracji publicznej w ostro\u0142\u0119ce\"\n\t\t\t><\/iframe>\n\t\t<\/div>\n\t\t\t\t<\/div>\n\t\t\t\t<\/div>\n\t\t\t\t\t\t<\/div>\n\t\t\t\t\t<\/div>\n\t\t<\/div>\n\t\t\t\t\t\t\t\t<\/div>\n\t\t\t\t\t<\/div>\n\t\t<\/section>\n\t\t\t\t<section class=\"elementor-section elementor-top-section elementor-element elementor-element-3a53b5a elementor-section-boxed elementor-section-height-default elementor-section-height-default\" data-id=\"3a53b5a\" data-element_type=\"section\">\n\t\t\t\t\t\t<div class=\"elementor-container elementor-column-gap-default\">\n\t\t\t\t\t\t\t<div class=\"elementor-row\">\n\t\t\t\t\t<div class=\"elementor-column elementor-col-50 elementor-top-column elementor-element elementor-element-4984203 elementor-invisible\" data-id=\"4984203\" data-element_type=\"column\" data-settings=\"{&quot;animation&quot;:&quot;fadeInLeft&quot;,&quot;animation_delay&quot;:&quot;1000&quot;}\">\n\t\t\t<div class=\"elementor-column-wrap elementor-element-populated\">\n\t\t\t\t\t\t\t<div class=\"elementor-widget-wrap\">\n\t\t\t\t\t\t<div class=\"elementor-element elementor-element-2080800 elementor-widget elementor-widget-heading\" data-id=\"2080800\" data-element_type=\"widget\" data-widget_type=\"heading.default\">\n\t\t\t\t<div class=\"elementor-widget-container\">\n\t\t\t<h3 class=\"elementor-heading-title elementor-size-default\">CENTRALA<\/h3>\t\t<\/div>\n\t\t\t\t<\/div>\n\t\t\t\t<div class=\"elementor-element elementor-element-b9bc77b elementor-widget elementor-widget-text-editor\" data-id=\"b9bc77b\" data-element_type=\"widget\" data-widget_type=\"text-editor.default\">\n\t\t\t\t<div class=\"elementor-widget-container\">\n\t\t\t\t\t\t\t\t<div class=\"elementor-text-editor elementor-clearfix\">\n\t\t\t\t<h2><b>Rektorat <\/b><\/h2><h2><a href=\"tel:297606886\"><b>29 760 68 86<\/b><\/a><\/h2><h2><a href=\"tel:29 760 45 42\"><b>29 760 45 42 <\/b><\/a><\/h2><h2><a href=\"tel:29 760 76 10\"><b>29 760 76 10 <\/b><\/a><\/h2><h2><b>fax \u00a0 29\/ 760 98 10\u00a0\u00a0\u00a0 \u00a0 <\/b><\/h2>\t\t\t\t\t<\/div>\n\t\t\t\t\t\t<\/div>\n\t\t\t\t<\/div>\n\t\t\t\t<div class=\"elementor-element elementor-element-48a5a76 elementor-widget elementor-widget-text-editor\" data-id=\"48a5a76\" data-element_type=\"widget\" data-widget_type=\"text-editor.default\">\n\t\t\t\t<div class=\"elementor-widget-container\">\n\t\t\t\t\t\t\t\t<div class=\"elementor-text-editor elementor-clearfix\">\n\t\t\t\t<p>Telefon: <a style=\"color: #da251d;\" href=\"tel:29 760 68 86\">29 760 68 86<\/a><\/p>\t\t\t\t\t<\/div>\n\t\t\t\t\t\t<\/div>\n\t\t\t\t<\/div>\n\t\t\t\t<div class=\"elementor-element elementor-element-958664c elementor-widget elementor-widget-text-editor\" data-id=\"958664c\" data-element_type=\"widget\" data-widget_type=\"text-editor.default\">\n\t\t\t\t<div class=\"elementor-widget-container\">\n\t\t\t\t\t\t\t\t<div class=\"elementor-text-editor elementor-clearfix\">\n\t\t\t\t<p>Adres e-mail: <a style=\"color: #da251d;\" href=\"mailto:wsap@old.wsap.com.pl\">wsap@old.wsap.com.pl<\/a><\/p>\t\t\t\t\t<\/div>\n\t\t\t\t\t\t<\/div>\n\t\t\t\t<\/div>\n\t\t\t\t\t\t<\/div>\n\t\t\t\t\t<\/div>\n\t\t<\/div>\n\t\t\t\t<div class=\"elementor-column elementor-col-50 elementor-top-column elementor-element elementor-element-b1bf76d elementor-invisible\" data-id=\"b1bf76d\" data-element_type=\"column\" data-settings=\"{&quot;animation&quot;:&quot;fadeInLeft&quot;,&quot;animation_delay&quot;:&quot;1000&quot;}\">\n\t\t\t<div class=\"elementor-column-wrap elementor-element-populated\">\n\t\t\t\t\t\t\t<div class=\"elementor-widget-wrap\">\n\t\t\t\t\t\t<div class=\"elementor-element elementor-element-e6d7876 elementor-widget elementor-widget-heading\" data-id=\"e6d7876\" data-element_type=\"widget\" data-widget_type=\"heading.default\">\n\t\t\t\t<div class=\"elementor-widget-container\">\n\t\t\t<h3 class=\"elementor-heading-title elementor-size-default\">SPIS TELEFON\u00d3W<\/h3>\t\t<\/div>\n\t\t\t\t<\/div>\n\t\t\t\t<div class=\"elementor-element elementor-element-8a5fd8b elementor-widget elementor-widget-text-editor\" data-id=\"8a5fd8b\" data-element_type=\"widget\" data-widget_type=\"text-editor.default\">\n\t\t\t\t<div class=\"elementor-widget-container\">\n\t\t\t\t\t\t\t\t<div class=\"elementor-text-editor elementor-clearfix\">\n\t\t\t\t<p align=\"center\"><b>DZIEKANAT<\/b><\/p><table border=\"1\" width=\"584\" cellspacing=\"0\" cellpadding=\"7\"><colgroup> <col width=\"138\" \/> <col width=\"170\" \/> <col width=\"139\" \/> <col width=\"77\" \/><\/colgroup><tbody><tr><td width=\"170\"><p align=\"center\">\u00a0<\/p><\/td><td width=\"139\"><p align=\"center\"><b>Telefon<\/b><\/p><\/td><td width=\"77\"><p align=\"center\"><b>Pok\u00f3j nr<\/b><\/p><\/td><\/tr><tr><td width=\"170\"><p align=\"center\">Opiekun I roku<\/p><\/td><td rowspan=\"3\" width=\"139\"><p align=\"center\">29\/\u00a0760 76 15<\/p><\/td><td rowspan=\"3\" width=\"77\"><p align=\"center\">38<\/p><\/td><\/tr><tr><td width=\"170\"><p align=\"center\">Opiekun II roku<\/p><\/td><\/tr><tr><td width=\"170\"><p align=\"center\">Opiekun III roku<\/p><\/td><\/tr><tr><td width=\"170\"><p align=\"center\">Kierownik Dziekanatu<\/p><\/td><td width=\"139\"><p align=\"center\">29\/ 760 76 11<\/p><\/td><td width=\"77\"><p align=\"center\">39<\/p><\/td><\/tr><\/tbody><\/table><p align=\"center\"><b>KWESTURA<\/b><\/p><table border=\"1\" width=\"584\" cellspacing=\"0\" cellpadding=\"7\"><colgroup> <col width=\"138\" \/> <col width=\"170\" \/> <col width=\"139\" \/> <col width=\"77\" \/><\/colgroup><tbody><tr><td width=\"170\"><p align=\"center\">\u00a0<\/p><\/td><td width=\"139\"><p align=\"center\"><b>Telefon<\/b><\/p><\/td><td width=\"77\"><p align=\"center\"><b>Pok\u00f3j nr<\/b><\/p><\/td><\/tr><tr><td width=\"170\"><p align=\"center\">Kasa<\/p><p align=\"center\">rozliczenia student\u00f3w<\/p><p align=\"center\">VAT<\/p><\/td><td rowspan=\"2\" width=\"139\"><p align=\"center\">29\/ 760 76 15<\/p><\/td><td rowspan=\"2\" width=\"77\"><p align=\"center\">38<\/p><\/td><\/tr><tr><td width=\"170\"><p align=\"center\">Podatek dochodowy<\/p><p align=\"center\">\u015brodki trwa\u0142e<\/p><\/td><\/tr><tr><td width=\"170\"><p align=\"center\">Kwestor<\/p><\/td><td rowspan=\"2\" width=\"139\"><p align=\"center\">29\/ 760 76 24<\/p><\/td><td rowspan=\"2\" width=\"77\"><p align=\"center\">58<\/p><\/td><\/tr><tr><td width=\"170\"><p align=\"center\">Sprawy kadrowe<\/p><\/td><\/tr><\/tbody><\/table><p align=\"center\"><b>BIBLIOTEKA<\/b><\/p><table border=\"1\" width=\"614\" cellspacing=\"0\" cellpadding=\"7\"><colgroup> <col width=\"138\" \/> <col width=\"140\" \/> <col width=\"140\" \/> <col width=\"139\" \/><\/colgroup><tbody><tr><td width=\"140\"><p align=\"center\">\u00a0<\/p><\/td><td width=\"140\"><p align=\"center\"><b>Telefon<\/b><\/p><\/td><td width=\"139\"><p align=\"center\"><b>Pok\u00f3j nr<\/b><\/p><\/td><\/tr><tr><td width=\"140\"><p align=\"center\">Obs\u0142uga biblioteki<\/p><\/td><td width=\"140\"><p align=\"center\">29\/ 760 76 23<\/p><\/td><td rowspan=\"2\" width=\"139\"><p align=\"center\">27<\/p><p align=\"center\">27A<\/p><\/td><\/tr><tr><td width=\"140\"><p align=\"center\">Dyrektor Biblioteki<\/p><p align=\"center\">\u00a0<\/p><\/td><td width=\"140\"><p align=\"center\">29\/ 760 76 22<\/p><p align=\"center\">784 070 110<\/p><p align=\"center\">\u00a0<\/p><\/td><\/tr><\/tbody><\/table><p align=\"center\"><b>REKTORAT<\/b><\/p><table border=\"1\" width=\"614\" cellspacing=\"0\" cellpadding=\"7\"><colgroup> <col width=\"138\" \/> <col width=\"140\" \/> <col width=\"140\" \/> <col width=\"139\" \/><\/colgroup><tbody><tr><td width=\"140\"><p align=\"center\">\u00a0<\/p><\/td><td width=\"140\"><p align=\"center\"><b>Telefon<\/b><\/p><\/td><td width=\"139\"><p align=\"center\"><b>Pok\u00f3j nr<\/b><\/p><\/td><\/tr><tr><td width=\"140\"><p align=\"center\">Obs\u0142uga rektoratu<\/p><\/td><td width=\"140\"><p align=\"center\">29\/ 760 68 86<\/p><p align=\"center\">29\/ 760 45 42<\/p><p align=\"center\">29\/ 760 76 10<\/p><\/td><td width=\"139\"><p align=\"center\">74<\/p><\/td><\/tr><\/tbody><\/table><p align=\"center\"><b>BIURO ADMINISTRACYJNO \u2013 GOSPODARCZE<\/b><\/p><table border=\"1\" cellspacing=\"0\" cellpadding=\"7\"><colgroup> <col width=\"138\" \/> <col width=\"140\" \/> <col width=\"140\" \/> <col width=\"139\" \/><\/colgroup><tbody><tr><td width=\"140\"><p align=\"center\">\u00a0<\/p><\/td><td width=\"140\"><p align=\"center\"><b>Telefon<\/b><\/p><\/td><td width=\"139\"><p align=\"center\"><b>Pok\u00f3j nr<\/b><\/p><\/td><\/tr><tr><td width=\"140\"><p align=\"center\">Rezerwacja pokoi<\/p><\/td><td width=\"140\"><p align=\"center\">29\/ 760 76 25<\/p><p align=\"center\">797\u00a0294 549<\/p><\/td><td width=\"139\"><p align=\"center\">recepcja<\/p><\/td><\/tr><tr><td width=\"140\"><p align=\"center\">Wynajem sal<\/p><\/td><td width=\"140\"><p align=\"center\">29 760 76 24<\/p><p align=\"center\">797\u00a0294 594<\/p><\/td><td width=\"139\"><p align=\"center\">58<\/p><\/td><\/tr><\/tbody><\/table><p align=\"center\"><b>\u00a0<\/b><\/p><p align=\"center\">\u00a0<\/p>\t\t\t\t\t<\/div>\n\t\t\t\t\t\t<\/div>\n\t\t\t\t<\/div>\n\t\t\t\t<div class=\"elementor-element elementor-element-d14dbf8 elementor-widget elementor-widget-text-editor\" data-id=\"d14dbf8\" data-element_type=\"widget\" data-widget_type=\"text-editor.default\">\n\t\t\t\t<div class=\"elementor-widget-container\">\n\t\t\t\t\t\t\t\t<div class=\"elementor-text-editor elementor-clearfix\">\n\t\t\t\t<p><b>Inspektor Ochrony Danych<br \/><\/b><\/p><p>Adres e-mail: <a style=\"color: #da251d;\" href=\"mailto:iod@old.wsap.com.pl\">iod@old.wsap.com.pl<\/a><\/p>\t\t\t\t\t<\/div>\n\t\t\t\t\t\t<\/div>\n\t\t\t\t<\/div>\n\t\t\t\t\t\t<\/div>\n\t\t\t\t\t<\/div>\n\t\t<\/div>\n\t\t\t\t\t\t\t\t<\/div>\n\t\t\t\t\t<\/div>\n\t\t<\/section>\n\t\t\t\t<section class=\"elementor-section elementor-top-section elementor-element elementor-element-82961a0 elementor-section-boxed elementor-section-height-default elementor-section-height-default\" data-id=\"82961a0\" data-element_type=\"section\" data-settings=\"{&quot;background_background&quot;:&quot;classic&quot;}\">\n\t\t\t\t\t\t\t<div class=\"elementor-background-overlay\"><\/div>\n\t\t\t\t\t\t\t<div class=\"elementor-container elementor-column-gap-default\">\n\t\t\t\t\t\t\t<div class=\"elementor-row\">\n\t\t\t\t\t<div class=\"elementor-column elementor-col-100 elementor-top-column elementor-element elementor-element-585d994 elementor-invisible\" data-id=\"585d994\" data-element_type=\"column\" data-settings=\"{&quot;animation&quot;:&quot;fadeInLeft&quot;}\">\n\t\t\t<div class=\"elementor-column-wrap elementor-element-populated\">\n\t\t\t\t\t\t\t<div class=\"elementor-widget-wrap\">\n\t\t\t\t\t\t<section class=\"elementor-section elementor-inner-section elementor-element elementor-element-faece53 elementor-section-boxed elementor-section-height-default elementor-section-height-default elementor-invisible\" data-id=\"faece53\" data-element_type=\"section\" data-settings=\"{&quot;animation&quot;:&quot;fadeInLeft&quot;}\">\n\t\t\t\t\t\t<div class=\"elementor-container elementor-column-gap-default\">\n\t\t\t\t\t\t\t<div class=\"elementor-row\">\n\t\t\t\t\t<div class=\"elementor-column elementor-col-50 elementor-inner-column elementor-element elementor-element-cef29f3\" data-id=\"cef29f3\" data-element_type=\"column\" data-settings=\"{&quot;background_background&quot;:&quot;classic&quot;}\">\n\t\t\t<div class=\"elementor-column-wrap elementor-element-populated\">\n\t\t\t\t\t\t\t<div class=\"elementor-widget-wrap\">\n\t\t\t\t\t\t<div class=\"elementor-element elementor-element-7ced809 elementor-widget elementor-widget-image\" data-id=\"7ced809\" data-element_type=\"widget\" data-widget_type=\"image.default\">\n\t\t\t\t<div class=\"elementor-widget-container\">\n\t\t\t\t\t\t\t\t<div class=\"elementor-image\">\n\t\t\t\t\t\t\t\t\t\t\t\t<img loading=\"lazy\" decoding=\"async\" width=\"41\" height=\"56\" src=\"http:\/\/old.wsap.com.pl\/wp-content\/uploads\/2019\/12\/home1-icon6.png\" class=\"attachment-large size-large\" alt=\"\" \/>\t\t\t\t\t\t\t\t\t\t\t\t\t\t<\/div>\n\t\t\t\t\t\t<\/div>\n\t\t\t\t<\/div>\n\t\t\t\t\t\t<\/div>\n\t\t\t\t\t<\/div>\n\t\t<\/div>\n\t\t\t\t<div class=\"elementor-column elementor-col-50 elementor-inner-column elementor-element elementor-element-cb8b0ef\" data-id=\"cb8b0ef\" data-element_type=\"column\" data-settings=\"{&quot;background_background&quot;:&quot;classic&quot;}\">\n\t\t\t<div class=\"elementor-column-wrap elementor-element-populated\">\n\t\t\t\t\t\t\t<div class=\"elementor-widget-wrap\">\n\t\t\t\t\t\t<div class=\"elementor-element elementor-element-b38a640 elementor-widget elementor-widget-heading\" data-id=\"b38a640\" data-element_type=\"widget\" data-widget_type=\"heading.default\">\n\t\t\t\t<div class=\"elementor-widget-container\">\n\t\t\t<h5 class=\"elementor-heading-title elementor-size-default\">Godziny pracy<\/h5>\t\t<\/div>\n\t\t\t\t<\/div>\n\t\t\t\t<div class=\"elementor-element elementor-element-522e165 elementor-widget elementor-widget-text-editor\" data-id=\"522e165\" data-element_type=\"widget\" data-widget_type=\"text-editor.default\">\n\t\t\t\t<div class=\"elementor-widget-container\">\n\t\t\t\t\t\t\t\t<div class=\"elementor-text-editor elementor-clearfix\">\n\t\t\t\t<p>Dziekanat:<\/p><p>Kwestura:<\/p><p>Rektorat:<\/p>\t\t\t\t\t<\/div>\n\t\t\t\t\t\t<\/div>\n\t\t\t\t<\/div>\n\t\t\t\t\t\t<\/div>\n\t\t\t\t\t<\/div>\n\t\t<\/div>\n\t\t\t\t\t\t\t\t<\/div>\n\t\t\t\t\t<\/div>\n\t\t<\/section>\n\t\t\t\t<div class=\"elementor-element elementor-element-446ad73 elementor-widget elementor-widget-heading\" data-id=\"446ad73\" data-element_type=\"widget\" data-widget_type=\"heading.default\">\n\t\t\t\t<div class=\"elementor-widget-container\">\n\t\t\t<h4 class=\"elementor-heading-title elementor-size-default\">Napisz do nas<\/h4>\t\t<\/div>\n\t\t\t\t<\/div>\n\t\t\t\t\t\t<\/div>\n\t\t\t\t\t<\/div>\n\t\t<\/div>\n\t\t\t\t<div class=\"elementor-column elementor-col-100 elementor-top-column elementor-element elementor-element-112a6e5 elementor-invisible\" data-id=\"112a6e5\" data-element_type=\"column\" data-settings=\"{&quot;background_background&quot;:&quot;classic&quot;,&quot;animation&quot;:&quot;fadeInRight&quot;}\">\n\t\t\t<div class=\"elementor-column-wrap elementor-element-populated\">\n\t\t\t\t\t\t\t<div class=\"elementor-widget-wrap\">\n\t\t\t\t\t\t<div class=\"elementor-element elementor-element-0670c0d elementor-widget elementor-widget-heading\" data-id=\"0670c0d\" data-element_type=\"widget\" data-widget_type=\"heading.default\">\n\t\t\t\t<div class=\"elementor-widget-container\">\n\t\t\t<h4 class=\"elementor-heading-title elementor-size-default\">Adres szko\u0142y<\/h4>\t\t<\/div>\n\t\t\t\t<\/div>\n\t\t\t\t<div class=\"elementor-element elementor-element-3e3b4a5 elementor-widget elementor-widget-text-editor\" data-id=\"3e3b4a5\" data-element_type=\"widget\" data-widget_type=\"text-editor.default\">\n\t\t\t\t<div class=\"elementor-widget-container\">\n\t\t\t\t\t\t\t\t<div class=\"elementor-text-editor elementor-clearfix\">\n\t\t\t\t<p>Wy\u017csza Szko\u0142a Administracji Publicznej w Ostro\u0142\u0119ce<br \/>ul. Korczaka 73<\/p><p>07-409 Ostro\u0142\u0119ka<\/p>\t\t\t\t\t<\/div>\n\t\t\t\t\t\t<\/div>\n\t\t\t\t<\/div>\n\t\t\t\t<div class=\"elementor-element elementor-element-db9139c elementor-widget elementor-widget-heading\" data-id=\"db9139c\" data-element_type=\"widget\" data-widget_type=\"heading.default\">\n\t\t\t\t<div class=\"elementor-widget-container\">\n\t\t\t<h2 class=\"elementor-heading-title elementor-size-default\">Kontakt<\/h2>\t\t<\/div>\n\t\t\t\t<\/div>\n\t\t\t\t<div class=\"elementor-element elementor-element-1e5f7bf elementor-align-left elementor-mobile-align-center elementor-tablet-align-center elementor-widget elementor-widget-button\" data-id=\"1e5f7bf\" data-element_type=\"widget\" data-widget_type=\"button.default\">\n\t\t\t\t<div class=\"elementor-widget-container\">\n\t\t\t\t\t<div class=\"elementor-button-wrapper\">\n\t\t\t<a href=\"tel:297606886\" class=\"elementor-button-link elementor-button elementor-size-sm elementor-animation-grow\" role=\"button\">\n\t\t\t\t\t\t<span class=\"elementor-button-content-wrapper\">\n\t\t\t\t\t\t\t<span class=\"elementor-button-icon elementor-align-icon-left\">\n\t\t\t\t<i aria-hidden=\"true\" class=\"fas fa-phone-alt\"><\/i>\t\t\t<\/span>\n\t\t\t\t\t\t<span class=\"elementor-button-text\">29 760 68 86<\/span>\n\t\t<\/span>\n\t\t\t\t\t<\/a>\n\t\t<\/div>\n\t\t\t\t<\/div>\n\t\t\t\t<\/div>\n\t\t\t\t<div class=\"elementor-element elementor-element-faf66e7 elementor-align-left elementor-mobile-align-center elementor-tablet-align-center elementor-widget elementor-widget-button\" data-id=\"faf66e7\" data-element_type=\"widget\" data-widget_type=\"button.default\">\n\t\t\t\t<div class=\"elementor-widget-container\">\n\t\t\t\t\t<div class=\"elementor-button-wrapper\">\n\t\t\t<a href=\"mailto:wsapi@old.wsap.com.pl\" class=\"elementor-button-link elementor-button elementor-size-sm elementor-animation-grow\" role=\"button\">\n\t\t\t\t\t\t<span class=\"elementor-button-content-wrapper\">\n\t\t\t\t\t\t\t<span class=\"elementor-button-icon elementor-align-icon-left\">\n\t\t\t\t<i aria-hidden=\"true\" class=\"far fa-envelope\"><\/i>\t\t\t<\/span>\n\t\t\t\t\t\t<span class=\"elementor-button-text\">wsap@old.wsap.com.pl<\/span>\n\t\t<\/span>\n\t\t\t\t\t<\/a>\n\t\t<\/div>\n\t\t\t\t<\/div>\n\t\t\t\t<\/div>\n\t\t\t\t\t\t<\/div>\n\t\t\t\t\t<\/div>\n\t\t<\/div>\n\t\t\t\t\t\t\t\t<\/div>\n\t\t\t\t\t<\/div>\n\t\t<\/section>\n\t\t\t\t\t\t\t\t\t<\/div>\n\t\t\t<\/div>\n\t\t\t\t\t<\/div>\n\t\t","protected":false},"excerpt":{"rendered":"<p>CENTRALA Rektorat 29 760 68 86 29 760 45 42 29 760 76 10 fax \u00a0 29\/ 760 98 10\u00a0\u00a0\u00a0 \u00a0 Telefon: 29 760 68 86 Adres e-mail: wsap@old.wsap.com.pl SPIS TELEFON\u00d3W DZIEKANAT \u00a0 Telefon Pok\u00f3j nr Opiekun I roku 29\/\u00a0760 76 15 38 Opiekun II roku Opiekun III roku Kierownik Dziekanatu 29\/ 760 76 11 [&hellip;]<\/p>\n","protected":false},"author":1,"featured_media":0,"parent":0,"menu_order":0,"comment_status":"closed","ping_status":"closed","template":"","meta":{"footnotes":""},"class_list":["post-840","page","type-page","status-publish","hentry","entry"],"_links":{"self":[{"href":"http:\/\/old.wsap.com.pl\/index.php?rest_route=\/wp\/v2\/pages\/840"}],"collection":[{"href":"http:\/\/old.wsap.com.pl\/index.php?rest_route=\/wp\/v2\/pages"}],"about":[{"href":"http:\/\/old.wsap.com.pl\/index.php?rest_route=\/wp\/v2\/types\/page"}],"author":[{"embeddable":true,"href":"http:\/\/old.wsap.com.pl\/index.php?rest_route=\/wp\/v2\/users\/1"}],"replies":[{"embeddable":true,"href":"http:\/\/old.wsap.com.pl\/index.php?rest_route=%2Fwp%2Fv2%2Fcomments&post=840"}],"version-history":[{"count":46,"href":"http:\/\/old.wsap.com.pl\/index.php?rest_route=\/wp\/v2\/pages\/840\/revisions"}],"predecessor-version":[{"id":8733,"href":"http:\/\/old.wsap.com.pl\/index.php?rest_route=\/wp\/v2\/pages\/840\/revisions\/8733"}],"wp:attachment":[{"href":"http:\/\/old.wsap.com.pl\/index.php?rest_route=%2Fwp%2Fv2%2Fmedia&parent=840"}],"curies":[{"name":"wp","href":"https:\/\/api.w.org\/{rel}","templated":true}]}}